{"id":98,"date":"2021-06-25T09:52:28","date_gmt":"2021-06-25T09:52:28","guid":{"rendered":"http:\/\/kitarulavilag.hu\/?page_id=98"},"modified":"2024-03-18T13:19:53","modified_gmt":"2024-03-18T13:19:53","slug":"bemutatkozas","status":"publish","type":"page","link":"https:\/\/kitarulavilag.hu\/de\/","title":{"rendered":"Bemutatkoz\u00e1s"},"content":{"rendered":"<p>[et_pb_section fb_built=&#8220;1&#8243; fullwidth=&#8220;on&#8220; _builder_version=&#8220;4.16&#8243; _module_preset=&#8220;default&#8220; bottom_divider_style=&#8220;clouds2&#8243; bottom_divider_color=&#8220;#ffffff&#8220; bottom_divider_height=&#8220;140px&#8220; bottom_divider_height_tablet=&#8220;80px&#8220; bottom_divider_height_phone=&#8220;42px&#8220; bottom_divider_height_last_edited=&#8220;on|phone&#8220; global_colors_info=&#8220;{}&#8220;][et_pb_fullwidth_slider module_id=&#8220;my-slider-module&#8220; _builder_version=&#8220;4.16&#8243; _module_preset=&#8220;default&#8220; header_font_size=&#8220;72&#8243; body_font_size=&#8220;22&#8243; custom_button=&#8220;on&#8220; button_on_hover=&#8220;off&#8220; max_height=&#8220;800px&#8220; custom_padding=&#8220;||||true|false&#8220; global_colors_info=&#8220;{}&#8220;][et_pb_slide button_link=&#8220;@ET-DC@eyJkeW5hbWljIjp0cnVlLCJjb250ZW50IjoicG9zdF9saW5rX3VybF9wYWdlIiwic2V0dGluZ3MiOnsicG9zdF9pZCI6IjEzNTkifX0=@&#8220; _builder_version=&#8220;4.16&#8243; _dynamic_attributes=&#8220;button_link&#8220; _module_preset=&#8220;default&#8220; header_level=&#8220;h2&#8243; header_text_align=&#8220;center&#8220; body_text_align=&#8220;center&#8220; body_text_color=&#8220;#ffffff&#8220; body_font_size=&#8220;36px&#8220; body_line_height=&#8220;2em&#8220; background_enable_color=&#8220;off&#8220; background_color_gradient_direction=&#8220;60deg&#8220; background_image=&#8220;http:\/\/kitarulavilag.hu\/wp-content\/uploads\/2021\/06\/Kitarul_a_vilag_Fejleszto_Kozpont.jpg&#8220; background_enable_image=&#8220;on&#8220; custom_button=&#8220;on&#8220; button_text_color=&#8220;#ffffff&#8220; button_bg_color=&#8220;#c2000c&#8220; button_border_color=&#8220;#c2000c&#8220; button_use_icon=&#8220;off&#8220; button_alignment=&#8220;center&#8220; text_orientation=&#8220;center&#8220; header_font_size_tablet=&#8220;&#8220; header_font_size_phone=&#8220;50px&#8220; header_font_size_last_edited=&#8220;on|phone&#8220; body_font_size_tablet=&#8220;33px&#8220; body_font_size_phone=&#8220;23px&#8220; body_font_size_last_edited=&#8220;on|desktop&#8220; button_border_color_last_edited=&#8220;off|desktop&#8220; header_text_shadow_style=&#8220;preset3&#8243; global_colors_info=&#8220;{}&#8220; button_border_color__hover_enabled=&#8220;off|desktop&#8220; sticky_transition=&#8220;on&#8220;][\/et_pb_slide][\/et_pb_fullwidth_slider][\/et_pb_section][et_pb_section fb_built=&#8220;1&#8243; _builder_version=&#8220;4.16&#8243; _module_preset=&#8220;default&#8220; global_colors_info=&#8220;{}&#8220;][et_pb_row _builder_version=&#8220;4.16&#8243; _module_preset=&#8220;default&#8220; animation_style=&#8220;slide&#8220; animation_direction=&#8220;left&#8220; global_colors_info=&#8220;{}&#8220;][et_pb_column type=&#8220;4_4&#8243; _builder_version=&#8220;4.16&#8243; _module_preset=&#8220;default&#8220; global_colors_info=&#8220;{}&#8220;][et_pb_text _builder_version=&#8220;4.16&#8243; _module_preset=&#8220;default&#8220; text_font_size=&#8220;20px&#8220; text_line_height=&#8220;1.8em&#8220; text_orientation=&#8220;center&#8220; global_colors_info=&#8220;{}&#8220;]<\/p>\n<h2>Bemutatkoz\u00e1s<\/h2>\n<p>[\/et_pb_text][et_pb_text _builder_version=&#8220;4.16&#8243; _module_preset=&#8220;default&#8220; text_font_size=&#8220;20px&#8220; text_line_height=&#8220;1.8em&#8220; text_orientation=&#8220;center&#8220; global_colors_info=&#8220;{}&#8220;]<\/p>\n<p>B\u00e1r a szlogen\u00fcnk \u201eMelind\u00e1val kit\u00e1rul a vil\u00e1g\u201d, most m\u00e9gsem magamr\u00f3l mes\u00e9ln\u00e9k. Ink\u00e1bb arr\u00f3l, mi van a n\u00e9v m\u00f6g\u00f6tt. Egy nagyon kedves koll\u00e9gan\u0151 seg\u00edtett elindulni a gondolatokkal: vajon kinek t\u00e1rul ki a vil\u00e1g?<\/p>\n<p>A hozz\u00e1nk j\u00e1r\u00f3 klienseknek mindenk\u00e9pp, legyen az gyerek, fiatal, vagy feln\u0151tt. Egy \u00faj mozdulat, egy \u00faj sz\u00f3, egy \u00faj bar\u00e1t a mindent jelentheti annak, akinek eddig nem volt. Seg\u00edt\u00fcnk megk\u00e9setts\u00e9g, akad\u00e1lyozotts\u00e1g eset\u00e9n, diagn\u00f3zissal vagy an\u00e9lk\u00fcl.<\/p>\n<p>Kit\u00e1rulhat a vil\u00e1g a csal\u00e1doknak, mert hiteles inform\u00e1ci\u00f3t kapnak a gyermek\u00fcket \u00e9rint\u0151 diagn\u00f3zisokr\u00f3l, fejleszt\u00e9si lehet\u0151s\u00e9gekr\u0151l \u00e9s nem utols\u00f3 sorban eszk\u00f6z\u00f6ket a kez\u00fckbe, hogy \u201e24\u00f3r\u00e1s t\u00e1mogat\u00f3 k\u00f6rnyezetet\u201d biztos\u00edthassanak gyermek\u00fcknek. Ez\u00e1ltal magabiztosabb sz\u00fcl\u0151nek \u00e9rezhess\u00e9k magukat.<\/p>\n<p>A koll\u00e9g\u00e1k sz\u00e1m\u00e1ra is kit\u00e1rul a vil\u00e1g azzal, hogy a szakter\u00fclet\u00fckh\u00f6z k\u00e9pest \u00faj ismereteket saj\u00e1t\u00edthatnak el, szuperv\u00edzi\u00f3s lehet\u0151s\u00e9get biztos\u00edtunk, folyamatos bels\u0151 tov\u00e1bbk\u00e9pz\u00e9sekkel pedig a megl\u00e9v\u0151 tud\u00e1sukat b\u0151v\u00edthetik, t\u00e1mogatjuk \u0151ket az \u00faj ter\u00fcletek megismer\u00e9s\u00e9ben.<\/p>\n<p>[\/et_pb_text][\/et_pb_column][\/et_pb_row][\/et_pb_section][et_pb_section fb_built=&#8220;1&#8243; _builder_version=&#8220;4.16&#8243; _module_preset=&#8220;default&#8220; background_enable_color=&#8220;off&#8220; custom_padding=&#8220;0px||0px|||&#8220; top_divider_style=&#8220;clouds2&#8243; top_divider_color=&#8220;#FFFFFF&#8220; top_divider_flip=&#8220;vertical&#8220; bottom_divider_color=&#8220;#FFFFFF&#8220; global_colors_info=&#8220;{}&#8220;][et_pb_row column_structure=&#8220;1_4,1_4,1_4,1_4&#8243; use_custom_gutter=&#8220;on&#8220; gutter_width=&#8220;1&#8243; make_equal=&#8220;on&#8220; _builder_version=&#8220;4.16&#8243; _module_preset=&#8220;default&#8220; width=&#8220;100%&#8220; max_width=&#8220;100%&#8220; module_alignment=&#8220;center&#8220; custom_margin=&#8220;0px|0px|0px|0px|false|false&#8220; custom_padding=&#8220;0px||0px|||&#8220; global_colors_info=&#8220;{}&#8220;][et_pb_column type=&#8220;1_4&#8243; _builder_version=&#8220;4.16&#8243; _module_preset=&#8220;default&#8220; global_colors_info=&#8220;{}&#8220;][et_pb_image src=&#8220;http:\/\/kitarulavilag.hu\/wp-content\/uploads\/2021\/06\/IMG_1238.jpg&#8220; title_text=&#8220;IMG_1238&#8243; _builder_version=&#8220;4.16&#8243; _module_preset=&#8220;default&#8220; global_colors_info=&#8220;{}&#8220;][\/et_pb_image][\/et_pb_column][et_pb_column type=&#8220;1_4&#8243; _builder_version=&#8220;4.16&#8243; _module_preset=&#8220;default&#8220; global_colors_info=&#8220;{}&#8220;][et_pb_image src=&#8220;http:\/\/kitarulavilag.hu\/wp-content\/uploads\/2021\/06\/IMG_4705.jpg&#8220; title_text=&#8220;IMG_4705&#8243; _builder_version=&#8220;4.16&#8243; _module_preset=&#8220;default&#8220; global_colors_info=&#8220;{}&#8220;][\/et_pb_image][\/et_pb_column][et_pb_column type=&#8220;1_4&#8243; _builder_version=&#8220;4.16&#8243; _module_preset=&#8220;default&#8220; custom_css_main_element=&#8220;margin: auto;\t&#8220; global_colors_info=&#8220;{}&#8220;][et_pb_image src=&#8220;http:\/\/kitarulavilag.hu\/wp-content\/uploads\/2021\/06\/IMG_4620.jpg&#8220; title_text=&#8220;IMG_4620&#8243; _builder_version=&#8220;4.16&#8243; _module_preset=&#8220;default&#8220; global_colors_info=&#8220;{}&#8220;][\/et_pb_image][\/et_pb_column][et_pb_column type=&#8220;1_4&#8243; _builder_version=&#8220;4.16&#8243; _module_preset=&#8220;default&#8220; custom_css_main_element=&#8220;margin: auto;\t&#8220; global_colors_info=&#8220;{}&#8220;][et_pb_image src=&#8220;http:\/\/kitarulavilag.hu\/wp-content\/uploads\/2021\/06\/FB_IMG_1600065197130.jpg&#8220; title_text=&#8220;FB_IMG_1600065197130&#8243; _builder_version=&#8220;4.16&#8243; _module_preset=&#8220;default&#8220; global_colors_info=&#8220;{}&#8220;][\/et_pb_image][\/et_pb_column][\/et_pb_row][\/et_pb_section][et_pb_section fb_built=&#8220;1&#8243; _builder_version=&#8220;4.16&#8243; _module_preset=&#8220;default&#8220; background_color=&#8220;#ffbd16&#8243; custom_padding=&#8220;30px||30px||false|false&#8220; global_colors_info=&#8220;{}&#8220;][et_pb_row _builder_version=&#8220;4.16&#8243; _module_preset=&#8220;default&#8220; custom_padding=&#8220;0px||0px|||&#8220; global_colors_info=&#8220;{}&#8220;][et_pb_column type=&#8220;4_4&#8243; _builder_version=&#8220;4.16&#8243; _module_preset=&#8220;default&#8220; global_colors_info=&#8220;{}&#8220;][\/et_pb_column][\/et_pb_row][\/et_pb_section][et_pb_section fb_built=&#8220;1&#8243; _builder_version=&#8220;4.16&#8243; _module_preset=&#8220;default&#8220; background_color=&#8220;#ffbd16&#8243; custom_padding=&#8220;30px||30px||false|false&#8220; global_colors_info=&#8220;{}&#8220;][\/et_pb_section]<\/p>\n","protected":false},"excerpt":{"rendered":"<p>Bemutatkoz\u00e1sB\u00e1r a szlogen\u00fcnk \u201eMelind\u00e1val kit\u00e1rul a vil\u00e1g\u201d, most m\u00e9gsem magamr\u00f3l mes\u00e9ln\u00e9k. Ink\u00e1bb arr\u00f3l, mi van a n\u00e9v m\u00f6g\u00f6tt. Egy nagyon kedves koll\u00e9gan\u0151 seg\u00edtett elindulni a gondolatokkal: vajon kinek t\u00e1rul ki a vil\u00e1g? A hozz\u00e1nk j\u00e1r\u00f3 klienseknek mindenk\u00e9pp, legyen az gyerek, fiatal, vagy feln\u0151tt. Egy \u00faj mozdulat, egy \u00faj sz\u00f3, egy \u00faj bar\u00e1t a mindent jelentheti [&hellip;]<\/p>\n","protected":false},"author":2,"featured_media":58,"parent":0,"menu_order":0,"comment_status":"closed","ping_status":"closed","template":"","meta":{"_et_pb_use_builder":"on","_et_pb_old_content":"","_et_gb_content_width":"","footnotes":""},"class_list":["post-98","page","type-page","status-publish","has-post-thumbnail","hentry"],"yoast_head":"<!-- This site is optimized with the Yoast SEO plugin v27.4 - https:\/\/yoast.com\/product\/yoast-seo-wordpress\/ -->\n<title>Bemutatkoz\u00e1s<\/title>\n<meta name=\"description\" content=\"Fejleszt\u0151 K\u00f6zpont - B\u00e1r a szlogen\u00fcnk \u201eMelind\u00e1val kit\u00e1rul a vil\u00e1g\u201d, most m\u00e9gsem magamr\u00f3l mes\u00e9ln\u00e9k. Ink\u00e1bb arr\u00f3l, mi van a n\u00e9v m\u00f6g\u00f6tt.\" \/>\n<meta name=\"robots\" content=\"index, follow, max-snippet:-1, max-image-preview:large, max-video-preview:-1\" \/>\n<link rel=\"canonical\" href=\"https:\/\/kitarulavilag.hu\/de\/\" \/>\n<meta property=\"og:locale\" content=\"de_DE\" \/>\n<meta property=\"og:locale:alternate\" content=\"hu_HU\" \/>\n<meta property=\"og:type\" content=\"article\" \/>\n<meta property=\"og:title\" content=\"Bemutatkoz\u00e1s\" \/>\n<meta property=\"og:description\" content=\"Fejleszt\u0151 K\u00f6zpont - B\u00e1r a szlogen\u00fcnk \u201eMelind\u00e1val kit\u00e1rul a vil\u00e1g\u201d, most m\u00e9gsem magamr\u00f3l mes\u00e9ln\u00e9k. Ink\u00e1bb arr\u00f3l, mi van a n\u00e9v m\u00f6g\u00f6tt.\" \/>\n<meta property=\"og:url\" content=\"https:\/\/kitarulavilag.hu\/de\/\" \/>\n<meta property=\"og:site_name\" content=\"Melind\u00e1val Kit\u00e1rul a Vil\u00e1g\" \/>\n<meta property=\"article:publisher\" content=\"https:\/\/www.facebook.com\/kitarulavilag\" \/>\n<meta property=\"article:modified_time\" content=\"2024-03-18T13:19:53+00:00\" \/>\n<meta property=\"og:image\" content=\"https:\/\/kitarulavilag.hu\/wp-content\/uploads\/2021\/06\/cropped-Kitarul_a_vilag_logo-1.png\" \/>\n\t<meta property=\"og:image:width\" content=\"512\" \/>\n\t<meta property=\"og:image:height\" content=\"512\" \/>\n\t<meta property=\"og:image:type\" content=\"image\/png\" \/>\n<meta name=\"twitter:card\" content=\"summary_large_image\" \/>\n<meta name=\"twitter:label1\" content=\"Gesch\u00e4tzte Lesezeit\" \/>\n\t<meta name=\"twitter:data1\" content=\"5\u00a0Minuten\" \/>\n<script type=\"application\/ld+json\" class=\"yoast-schema-graph\">{\"@context\":\"https:\\\/\\\/schema.org\",\"@graph\":[{\"@type\":\"WebPage\",\"@id\":\"https:\\\/\\\/kitarulavilag.hu\\\/\",\"url\":\"https:\\\/\\\/kitarulavilag.hu\\\/\",\"name\":\"Bemutatkoz\u00e1s\",\"isPartOf\":{\"@id\":\"https:\\\/\\\/kitarulavilag.hu\\\/#website\"},\"primaryImageOfPage\":{\"@id\":\"https:\\\/\\\/kitarulavilag.hu\\\/#primaryimage\"},\"image\":{\"@id\":\"https:\\\/\\\/kitarulavilag.hu\\\/#primaryimage\"},\"thumbnailUrl\":\"https:\\\/\\\/kitarulavilag.hu\\\/wp-content\\\/uploads\\\/2021\\\/06\\\/cropped-Kitarul_a_vilag_logo-1.png\",\"datePublished\":\"2021-06-25T09:52:28+00:00\",\"dateModified\":\"2024-03-18T13:19:53+00:00\",\"description\":\"Fejleszt\u0151 K\u00f6zpont - B\u00e1r a szlogen\u00fcnk \u201eMelind\u00e1val kit\u00e1rul a vil\u00e1g\u201d, most m\u00e9gsem magamr\u00f3l mes\u00e9ln\u00e9k. Ink\u00e1bb arr\u00f3l, mi van a n\u00e9v m\u00f6g\u00f6tt.\",\"breadcrumb\":{\"@id\":\"https:\\\/\\\/kitarulavilag.hu\\\/#breadcrumb\"},\"inLanguage\":\"de-DE\",\"potentialAction\":[{\"@type\":\"ReadAction\",\"target\":[\"https:\\\/\\\/kitarulavilag.hu\\\/\"]}]},{\"@type\":\"ImageObject\",\"inLanguage\":\"de-DE\",\"@id\":\"https:\\\/\\\/kitarulavilag.hu\\\/#primaryimage\",\"url\":\"https:\\\/\\\/kitarulavilag.hu\\\/wp-content\\\/uploads\\\/2021\\\/06\\\/cropped-Kitarul_a_vilag_logo-1.png\",\"contentUrl\":\"https:\\\/\\\/kitarulavilag.hu\\\/wp-content\\\/uploads\\\/2021\\\/06\\\/cropped-Kitarul_a_vilag_logo-1.png\",\"width\":512,\"height\":512},{\"@type\":\"BreadcrumbList\",\"@id\":\"https:\\\/\\\/kitarulavilag.hu\\\/#breadcrumb\",\"itemListElement\":[{\"@type\":\"ListItem\",\"position\":1,\"name\":\"Kezd\u0151lap\",\"item\":\"https:\\\/\\\/kitarulavilag.hu\\\/\"},{\"@type\":\"ListItem\",\"position\":2,\"name\":\"Bemutatkoz\u00e1s\"}]},{\"@type\":\"WebSite\",\"@id\":\"https:\\\/\\\/kitarulavilag.hu\\\/#website\",\"url\":\"https:\\\/\\\/kitarulavilag.hu\\\/\",\"name\":\"Melind\u00e1val Kit\u00e1rul a Vil\u00e1g\",\"description\":\"Fejleszt\u0151 K\u00f6zpont\",\"publisher\":{\"@id\":\"https:\\\/\\\/kitarulavilag.hu\\\/#organization\"},\"potentialAction\":[{\"@type\":\"SearchAction\",\"target\":{\"@type\":\"EntryPoint\",\"urlTemplate\":\"https:\\\/\\\/kitarulavilag.hu\\\/?s={search_term_string}\"},\"query-input\":{\"@type\":\"PropertyValueSpecification\",\"valueRequired\":true,\"valueName\":\"search_term_string\"}}],\"inLanguage\":\"de-DE\"},{\"@type\":\"Organization\",\"@id\":\"https:\\\/\\\/kitarulavilag.hu\\\/#organization\",\"name\":\"Kit\u00e1rul a Vil\u00e1g Fejleszt\u0151 K\u00f6zpont\",\"url\":\"https:\\\/\\\/kitarulavilag.hu\\\/\",\"logo\":{\"@type\":\"ImageObject\",\"inLanguage\":\"de-DE\",\"@id\":\"https:\\\/\\\/kitarulavilag.hu\\\/#\\\/schema\\\/logo\\\/image\\\/\",\"url\":\"http:\\\/\\\/kitarulavilag.hu\\\/wp-content\\\/uploads\\\/2021\\\/06\\\/cropped-Kitarul_a_vilag_logo-1.png\",\"contentUrl\":\"http:\\\/\\\/kitarulavilag.hu\\\/wp-content\\\/uploads\\\/2021\\\/06\\\/cropped-Kitarul_a_vilag_logo-1.png\",\"width\":512,\"height\":512,\"caption\":\"Kit\u00e1rul a Vil\u00e1g Fejleszt\u0151 K\u00f6zpont\"},\"image\":{\"@id\":\"https:\\\/\\\/kitarulavilag.hu\\\/#\\\/schema\\\/logo\\\/image\\\/\"},\"sameAs\":[\"https:\\\/\\\/www.facebook.com\\\/kitarulavilag\"]}]}<\/script>\n<!-- \/ Yoast SEO plugin. -->","yoast_head_json":{"title":"Bemutatkoz\u00e1s","description":"Fejleszt\u0151 K\u00f6zpont - B\u00e1r a szlogen\u00fcnk \u201eMelind\u00e1val kit\u00e1rul a vil\u00e1g\u201d, most m\u00e9gsem magamr\u00f3l mes\u00e9ln\u00e9k. Ink\u00e1bb arr\u00f3l, mi van a n\u00e9v m\u00f6g\u00f6tt.","robots":{"index":"index","follow":"follow","max-snippet":"max-snippet:-1","max-image-preview":"max-image-preview:large","max-video-preview":"max-video-preview:-1"},"canonical":"https:\/\/kitarulavilag.hu\/de\/","og_locale":"de_DE","og_type":"article","og_title":"[:hu]Bemutatkoz\u00e1s[:] - Melind\u00e1val Kit\u00e1rul a Vil\u00e1g","og_description":"Fejleszt\u0151 K\u00f6zpont - B\u00e1r a szlogen\u00fcnk \u201eMelind\u00e1val kit\u00e1rul a vil\u00e1g\u201d, most m\u00e9gsem magamr\u00f3l mes\u00e9ln\u00e9k. Ink\u00e1bb arr\u00f3l, mi van a n\u00e9v m\u00f6g\u00f6tt.","og_url":"https:\/\/kitarulavilag.hu\/de\/","og_site_name":"Melind\u00e1val Kit\u00e1rul a Vil\u00e1g","article_publisher":"https:\/\/www.facebook.com\/kitarulavilag","article_modified_time":"2024-03-18T13:19:53+00:00","og_image":[{"width":512,"height":512,"url":"https:\/\/kitarulavilag.hu\/wp-content\/uploads\/2021\/06\/cropped-Kitarul_a_vilag_logo-1.png","type":"image\/png"}],"twitter_card":"summary_large_image","twitter_misc":{"Gesch\u00e4tzte Lesezeit":"5\u00a0Minuten"},"schema":{"@context":"https:\/\/schema.org","@graph":[{"@type":"WebPage","@id":"https:\/\/kitarulavilag.hu\/","url":"https:\/\/kitarulavilag.hu\/","name":"Bemutatkoz\u00e1s","isPartOf":{"@id":"https:\/\/kitarulavilag.hu\/#website"},"primaryImageOfPage":{"@id":"https:\/\/kitarulavilag.hu\/#primaryimage"},"image":{"@id":"https:\/\/kitarulavilag.hu\/#primaryimage"},"thumbnailUrl":"https:\/\/kitarulavilag.hu\/wp-content\/uploads\/2021\/06\/cropped-Kitarul_a_vilag_logo-1.png","datePublished":"2021-06-25T09:52:28+00:00","dateModified":"2024-03-18T13:19:53+00:00","description":"Fejleszt\u0151 K\u00f6zpont - B\u00e1r a szlogen\u00fcnk \u201eMelind\u00e1val kit\u00e1rul a vil\u00e1g\u201d, most m\u00e9gsem magamr\u00f3l mes\u00e9ln\u00e9k. Ink\u00e1bb arr\u00f3l, mi van a n\u00e9v m\u00f6g\u00f6tt.","breadcrumb":{"@id":"https:\/\/kitarulavilag.hu\/#breadcrumb"},"inLanguage":"de-DE","potentialAction":[{"@type":"ReadAction","target":["https:\/\/kitarulavilag.hu\/"]}]},{"@type":"ImageObject","inLanguage":"de-DE","@id":"https:\/\/kitarulavilag.hu\/#primaryimage","url":"https:\/\/kitarulavilag.hu\/wp-content\/uploads\/2021\/06\/cropped-Kitarul_a_vilag_logo-1.png","contentUrl":"https:\/\/kitarulavilag.hu\/wp-content\/uploads\/2021\/06\/cropped-Kitarul_a_vilag_logo-1.png","width":512,"height":512},{"@type":"BreadcrumbList","@id":"https:\/\/kitarulavilag.hu\/#breadcrumb","itemListElement":[{"@type":"ListItem","position":1,"name":"Kezd\u0151lap","item":"https:\/\/kitarulavilag.hu\/"},{"@type":"ListItem","position":2,"name":"Bemutatkoz\u00e1s"}]},{"@type":"WebSite","@id":"https:\/\/kitarulavilag.hu\/#website","url":"https:\/\/kitarulavilag.hu\/","name":"Melind\u00e1val Kit\u00e1rul a Vil\u00e1g","description":"Fejleszt\u0151 K\u00f6zpont","publisher":{"@id":"https:\/\/kitarulavilag.hu\/#organization"},"potentialAction":[{"@type":"SearchAction","target":{"@type":"EntryPoint","urlTemplate":"https:\/\/kitarulavilag.hu\/?s={search_term_string}"},"query-input":{"@type":"PropertyValueSpecification","valueRequired":true,"valueName":"search_term_string"}}],"inLanguage":"de-DE"},{"@type":"Organization","@id":"https:\/\/kitarulavilag.hu\/#organization","name":"Kit\u00e1rul a Vil\u00e1g Fejleszt\u0151 K\u00f6zpont","url":"https:\/\/kitarulavilag.hu\/","logo":{"@type":"ImageObject","inLanguage":"de-DE","@id":"https:\/\/kitarulavilag.hu\/#\/schema\/logo\/image\/","url":"http:\/\/kitarulavilag.hu\/wp-content\/uploads\/2021\/06\/cropped-Kitarul_a_vilag_logo-1.png","contentUrl":"http:\/\/kitarulavilag.hu\/wp-content\/uploads\/2021\/06\/cropped-Kitarul_a_vilag_logo-1.png","width":512,"height":512,"caption":"Kit\u00e1rul a Vil\u00e1g Fejleszt\u0151 K\u00f6zpont"},"image":{"@id":"https:\/\/kitarulavilag.hu\/#\/schema\/logo\/image\/"},"sameAs":["https:\/\/www.facebook.com\/kitarulavilag"]}]}},"jetpack_sharing_enabled":true,"_links":{"self":[{"href":"https:\/\/kitarulavilag.hu\/de\/wp-json\/wp\/v2\/pages\/98","targetHints":{"allow":["GET"]}}],"collection":[{"href":"https:\/\/kitarulavilag.hu\/de\/wp-json\/wp\/v2\/pages"}],"about":[{"href":"https:\/\/kitarulavilag.hu\/de\/wp-json\/wp\/v2\/types\/page"}],"author":[{"embeddable":true,"href":"https:\/\/kitarulavilag.hu\/de\/wp-json\/wp\/v2\/users\/2"}],"replies":[{"embeddable":true,"href":"https:\/\/kitarulavilag.hu\/de\/wp-json\/wp\/v2\/comments?post=98"}],"version-history":[{"count":16,"href":"https:\/\/kitarulavilag.hu\/de\/wp-json\/wp\/v2\/pages\/98\/revisions"}],"predecessor-version":[{"id":876,"href":"https:\/\/kitarulavilag.hu\/de\/wp-json\/wp\/v2\/pages\/98\/revisions\/876"}],"wp:featuredmedia":[{"embeddable":true,"href":"https:\/\/kitarulavilag.hu\/de\/wp-json\/wp\/v2\/media\/58"}],"wp:attachment":[{"href":"https:\/\/kitarulavilag.hu\/de\/wp-json\/wp\/v2\/media?parent=98"}],"curies":[{"name":"wp","href":"https:\/\/api.w.org\/{rel}","templated":true}]}}