{"id":772,"date":"2022-08-09T11:41:26","date_gmt":"2022-08-09T11:41:26","guid":{"rendered":"https:\/\/kitarulavilag.hu\/?page_id=772"},"modified":"2025-10-15T09:22:00","modified_gmt":"2025-10-15T09:22:00","slug":"partnerek","status":"publish","type":"page","link":"https:\/\/kitarulavilag.hu\/de\/partnerek\/","title":{"rendered":"Partnerek"},"content":{"rendered":"<p>[et_pb_section fb_built=&#8220;1&#8243; _builder_version=&#8220;4.16&#8243; _module_preset=&#8220;default&#8220; global_colors_info=&#8220;{}&#8220;][et_pb_row use_custom_gutter=&#8220;on&#8220; gutter_width=&#8220;2&#8243; make_equal=&#8220;on&#8220; _builder_version=&#8220;4.16&#8243; _module_preset=&#8220;default&#8220; animation_style=&#8220;fade&#8220; global_colors_info=&#8220;{}&#8220;][et_pb_column type=&#8220;4_4&#8243; _builder_version=&#8220;4.16&#8243; _module_preset=&#8220;default&#8220; global_colors_info=&#8220;{}&#8220;][et_pb_text _builder_version=&#8220;4.16&#8243; _module_preset=&#8220;default&#8220; global_colors_info=&#8220;{}&#8220;]<\/p>\n<p>Fontos sz\u00e1munkra a csal\u00e1dok \u00e9rdek\u00e9ben a hozz\u00e1nk hasonl\u00f3, vagy \u00e9pp elt\u00e9r\u0151 m\u0171k\u00f6d\u00e9s\u0171 int\u00e9zm\u00e9nnyekkel t\u00f6rt\u00e9n\u0151 szakmai egy\u00fcttm\u0171k\u00f6d\u00e9s. Az els\u0151 a gyermek \u00e9s az \u0151t k\u00f6r\u00fclvev\u0151 csal\u00e1d. Ennek \u00e9rdek\u00e9ben folyamatosan k\u00e9pezz\u00fck magunkat \u00e9s mi is k\u00e9pz\u00fcnk m\u00e1sokat. K\u00f6sz\u00f6nj\u00fck a\u00a0 szakmai egy\u00fcttm\u0171k\u00f6d\u00e9st!<\/p>\n<p>[\/et_pb_text][\/et_pb_column][\/et_pb_row][et_pb_row column_structure=&#8220;1_4,1_4,1_4,1_4&#8243; use_custom_gutter=&#8220;on&#8220; gutter_width=&#8220;2&#8243; make_equal=&#8220;on&#8220; _builder_version=&#8220;4.27.4&#8243; _module_preset=&#8220;default&#8220; global_colors_info=&#8220;{}&#8220;][et_pb_column type=&#8220;1_4&#8243; _builder_version=&#8220;4.27.4&#8243; _module_preset=&#8220;default&#8220; link_option_url=&#8220;https:\/\/fejlesztohaz.hu&#8220; global_colors_info=&#8220;{}&#8220;][et_pb_image src=&#8220;https:\/\/kitarulavilag.hu\/wp-content\/uploads\/2022\/08\/kicsi-logo.jpg&#8220; title_text=&#8220;kicsi log\u00f3&#8220; url=&#8220;http:\/\/www.fejlesztohaz.hu\/&#8220; _builder_version=&#8220;4.16&#8243; _module_preset=&#8220;default&#8220; global_colors_info=&#8220;{}&#8220;][\/et_pb_image][\/et_pb_column][et_pb_column type=&#8220;1_4&#8243; _builder_version=&#8220;4.27.4&#8243; _module_preset=&#8220;default&#8220; link_option_url=&#8220;https:\/\/ujbudagyermekfejleszto.hu\/&#8220; global_colors_info=&#8220;{}&#8220;][et_pb_image src=&#8220;https:\/\/kitarulavilag.hu\/wp-content\/uploads\/2022\/08\/ujbuda-gyermekfejleszto-logo-2022.png&#8220; title_text=&#8220;ujbuda-gyermekfejleszto-logo-2022&#8243; url=&#8220;https:\/\/ujbudagyermekfejleszto.hu\/&#8220; _builder_version=&#8220;4.16&#8243; _module_preset=&#8220;default&#8220; background_color=&#8220;#7CDA24&#8243; global_colors_info=&#8220;{}&#8220;][\/et_pb_image][\/et_pb_column][et_pb_column type=&#8220;1_4&#8243; _builder_version=&#8220;4.16&#8243; _module_preset=&#8220;default&#8220; global_colors_info=&#8220;{}&#8220;][et_pb_image src=&#8220;https:\/\/kitarulavilag.hu\/wp-content\/uploads\/2022\/08\/letoltes.png&#8220; title_text=&#8220;let\u00f6lt\u00e9s&#8220; url=&#8220;https:\/\/www.facebook.com\/profile.php?id=61582469393694&#8243; _builder_version=&#8220;4.27.4&#8243; _module_preset=&#8220;default&#8220; hover_enabled=&#8220;0&#8243; global_colors_info=&#8220;{}&#8220; sticky_enabled=&#8220;0&#8243;][\/et_pb_image][\/et_pb_column][et_pb_column type=&#8220;1_4&#8243; _builder_version=&#8220;4.27.4&#8243; _module_preset=&#8220;default&#8220; link_option_url=&#8220;https:\/\/pacsirtafejlesztohaz.hu\/&#8220; global_colors_info=&#8220;{}&#8220;][et_pb_image src=&#8220;https:\/\/kitarulavilag.hu\/wp-content\/uploads\/2022\/08\/pacsirta-mozgas-tanacsado-kozpont-300&#215;90-1.jpg&#8220; title_text=&#8220;pacsirta-mozgas-tanacsado-kozpont-300&#215;90&#8243; url=&#8220;https:\/\/pacsirtafejlesztohaz.hu\/?gclid=CjwKCAjwi8iXBhBeEiwAKbUofTc37B1bpYMFF1sTctjoL7SkioeNIz58dTX8d866MA8YuXxhFoZuIBoCPRwQAvD_BwE&#8220; _builder_version=&#8220;4.16&#8243; _module_preset=&#8220;default&#8220; global_colors_info=&#8220;{}&#8220;][\/et_pb_image][\/et_pb_column][\/et_pb_row][et_pb_row column_structure=&#8220;1_4,1_4,1_4,1_4&#8243; use_custom_gutter=&#8220;on&#8220; gutter_width=&#8220;2&#8243; make_equal=&#8220;on&#8220; _builder_version=&#8220;4.27.4&#8243; _module_preset=&#8220;default&#8220; global_colors_info=&#8220;{}&#8220;][et_pb_column type=&#8220;1_4&#8243; _builder_version=&#8220;4.27.4&#8243; _module_preset=&#8220;default&#8220; link_option_url=&#8220;https:\/\/aspigyerek.hu\/&#8220; global_colors_info=&#8220;{}&#8220;][et_pb_image src=&#8220;https:\/\/kitarulavilag.hu\/wp-content\/uploads\/2025\/10\/AspiGyerek_logo.png&#8220; title_text=&#8220;AspiGyerek_logo&#8220; url=&#8220;http:\/\/www.fejlesztohaz.hu\/&#8220; _builder_version=&#8220;4.27.4&#8243; _module_preset=&#8220;default&#8220; global_colors_info=&#8220;{}&#8220;][\/et_pb_image][\/et_pb_column][et_pb_column type=&#8220;1_4&#8243; _builder_version=&#8220;4.27.4&#8243; _module_preset=&#8220;default&#8220; link_option_url=&#8220;https:\/\/asdi-var.hu\/csapatunk\/&#8220; global_colors_info=&#8220;{}&#8220;][et_pb_image src=&#8220;https:\/\/kitarulavilag.hu\/wp-content\/uploads\/2025\/10\/ASDi-Var_logo_900px_transparent.png&#8220; title_text=&#8220;ASDi-Var_logo_900px_transparent&#8220; url=&#8220;https:\/\/ujbudagyermekfejleszto.hu\/&#8220; _builder_version=&#8220;4.27.4&#8243; _module_preset=&#8220;default&#8220; background_color=&#8220;#7CDA24&#8243; global_colors_info=&#8220;{}&#8220;][\/et_pb_image][\/et_pb_column][et_pb_column type=&#8220;1_4&#8243; _builder_version=&#8220;4.16&#8243; _module_preset=&#8220;default&#8220; global_colors_info=&#8220;{}&#8220;][\/et_pb_column][et_pb_column type=&#8220;1_4&#8243; _builder_version=&#8220;4.16&#8243; _module_preset=&#8220;default&#8220; global_colors_info=&#8220;{}&#8220;][\/et_pb_column][\/et_pb_row][\/et_pb_section][et_pb_section fb_built=&#8220;1&#8243; _builder_version=&#8220;4.27.4&#8243; _module_preset=&#8220;default&#8220; global_colors_info=&#8220;{}&#8220;][et_pb_row _builder_version=&#8220;4.27.4&#8243; _module_preset=&#8220;default&#8220; global_colors_info=&#8220;{}&#8220;][et_pb_column type=&#8220;4_4&#8243; _builder_version=&#8220;4.27.4&#8243; _module_preset=&#8220;default&#8220; global_colors_info=&#8220;{}&#8220;][:hu _i=&#8220;0&#8243; _address=&#8220;2.0.0.0&#8243; theme_builder_area=&#8220;post_content&#8220; \/][: _i=&#8220;1&#8243; _address=&#8220;2.0.0.1&#8243; theme_builder_area=&#8220;post_content&#8220; \/][\/et_pb_column][\/et_pb_row][\/et_pb_section][et_pb_section fb_built=&#8220;1&#8243; theme_builder_area=&#8220;post_content&#8220; _builder_version=&#8220;4.27.4&#8243; _module_preset=&#8220;default&#8220;][et_pb_row _builder_version=&#8220;4.27.4&#8243; _module_preset=&#8220;default&#8220; theme_builder_area=&#8220;post_content&#8220;][et_pb_column _builder_version=&#8220;4.27.4&#8243; _module_preset=&#8220;default&#8220; theme_builder_area=&#8220;post_content&#8220;][:hu _i=&#8220;0&#8243; _address=&#8220;0&#8243; theme_builder_area=&#8220;post_content&#8220; \/][: _i=&#8220;3&#8243; _address=&#8220;3&#8243; theme_builder_area=&#8220;post_content&#8220; \/][\/et_pb_column][\/et_pb_row][\/et_pb_section]<\/p>\n","protected":false},"excerpt":{"rendered":"<p>Fontos sz\u00e1munkra a csal\u00e1dok \u00e9rdek\u00e9ben a hozz\u00e1nk hasonl\u00f3, vagy \u00e9pp elt\u00e9r\u0151 m\u0171k\u00f6d\u00e9s\u0171 int\u00e9zm\u00e9nnyekkel t\u00f6rt\u00e9n\u0151 szakmai egy\u00fcttm\u0171k\u00f6d\u00e9s. Az els\u0151 a gyermek \u00e9s az \u0151t k\u00f6r\u00fclvev\u0151 csal\u00e1d. Ennek \u00e9rdek\u00e9ben folyamatosan k\u00e9pezz\u00fck magunkat \u00e9s mi is k\u00e9pz\u00fcnk m\u00e1sokat. K\u00f6sz\u00f6nj\u00fck a\u00a0 szakmai egy\u00fcttm\u0171k\u00f6d\u00e9st![:hu _i=&#8220;0&#8243; _address=&#8220;2.0.0.0&#8243; theme_builder_area=&#8220;post_content&#8220; \/][: _i=&#8220;1&#8243; _address=&#8220;2.0.0.1&#8243; theme_builder_area=&#8220;post_content&#8220; \/][:hu _i=&#8220;0&#8243; _address=&#8220;0&#8243; theme_builder_area=&#8220;post_content&#8220; \/][: _i=&#8220;3&#8243; _address=&#8220;3&#8243; theme_builder_area=&#8220;post_content&#8220; \/]<\/p>\n","protected":false},"author":3,"featured_media":0,"parent":0,"menu_order":0,"comment_status":"closed","ping_status":"closed","template":"","meta":{"_et_pb_use_builder":"on","_et_pb_old_content":"","_et_gb_content_width":"","footnotes":""},"class_list":["post-772","page","type-page","status-publish","hentry"],"yoast_head":"<!-- This site is optimized with the Yoast SEO plugin v27.5 - https:\/\/yoast.com\/product\/yoast-seo-wordpress\/ -->\n<title>Partnerek<\/title>\n<meta name=\"description\" content=\"Szakmai \u00e9s egy\u00fcttm\u0171k\u00f6d\u0151 partnereink list\u00e1j\u00e1t olvashatj\u00e1k ezen a linken.\" \/>\n<meta name=\"robots\" content=\"index, follow, max-snippet:-1, max-image-preview:large, max-video-preview:-1\" \/>\n<link rel=\"canonical\" href=\"https:\/\/kitarulavilag.hu\/de\/partnerek\/\" \/>\n<meta property=\"og:locale\" content=\"de_DE\" \/>\n<meta property=\"og:locale:alternate\" content=\"hu_HU\" \/>\n<meta property=\"og:type\" content=\"article\" \/>\n<meta property=\"og:title\" content=\"Partnerek\" \/>\n<meta property=\"og:description\" content=\"Szakmai \u00e9s egy\u00fcttm\u0171k\u00f6d\u0151 partnereink list\u00e1j\u00e1t olvashatj\u00e1k ezen a linken.\" \/>\n<meta property=\"og:url\" content=\"https:\/\/kitarulavilag.hu\/de\/partnerek\/\" \/>\n<meta property=\"og:site_name\" content=\"Melind\u00e1val Kit\u00e1rul a Vil\u00e1g\" \/>\n<meta property=\"article:publisher\" content=\"https:\/\/www.facebook.com\/kitarulavilag\" \/>\n<meta property=\"article:modified_time\" content=\"2025-10-15T09:22:00+00:00\" \/>\n<meta name=\"twitter:card\" content=\"summary_large_image\" \/>\n<meta name=\"twitter:label1\" content=\"Gesch\u00e4tzte Lesezeit\" \/>\n\t<meta name=\"twitter:data1\" content=\"3\u00a0Minuten\" \/>\n<script type=\"application\/ld+json\" class=\"yoast-schema-graph\">{\"@context\":\"https:\\\/\\\/schema.org\",\"@graph\":[{\"@type\":\"WebPage\",\"@id\":\"https:\\\/\\\/kitarulavilag.hu\\\/partnerek\\\/\",\"url\":\"https:\\\/\\\/kitarulavilag.hu\\\/partnerek\\\/\",\"name\":\"Partnerek\",\"isPartOf\":{\"@id\":\"https:\\\/\\\/kitarulavilag.hu\\\/#website\"},\"datePublished\":\"2022-08-09T11:41:26+00:00\",\"dateModified\":\"2025-10-15T09:22:00+00:00\",\"description\":\"Szakmai \u00e9s egy\u00fcttm\u0171k\u00f6d\u0151 partnereink list\u00e1j\u00e1t olvashatj\u00e1k ezen a linken.\",\"breadcrumb\":{\"@id\":\"https:\\\/\\\/kitarulavilag.hu\\\/partnerek\\\/#breadcrumb\"},\"inLanguage\":\"de-DE\",\"potentialAction\":[{\"@type\":\"ReadAction\",\"target\":[\"https:\\\/\\\/kitarulavilag.hu\\\/partnerek\\\/\"]}]},{\"@type\":\"BreadcrumbList\",\"@id\":\"https:\\\/\\\/kitarulavilag.hu\\\/partnerek\\\/#breadcrumb\",\"itemListElement\":[{\"@type\":\"ListItem\",\"position\":1,\"name\":\"Kezd\u0151lap\",\"item\":\"https:\\\/\\\/kitarulavilag.hu\\\/\"},{\"@type\":\"ListItem\",\"position\":2,\"name\":\"Partnerek\"}]},{\"@type\":\"WebSite\",\"@id\":\"https:\\\/\\\/kitarulavilag.hu\\\/#website\",\"url\":\"https:\\\/\\\/kitarulavilag.hu\\\/\",\"name\":\"Melind\u00e1val Kit\u00e1rul a Vil\u00e1g\",\"description\":\"Fejleszt\u0151 K\u00f6zpont\",\"publisher\":{\"@id\":\"https:\\\/\\\/kitarulavilag.hu\\\/#organization\"},\"potentialAction\":[{\"@type\":\"SearchAction\",\"target\":{\"@type\":\"EntryPoint\",\"urlTemplate\":\"https:\\\/\\\/kitarulavilag.hu\\\/?s={search_term_string}\"},\"query-input\":{\"@type\":\"PropertyValueSpecification\",\"valueRequired\":true,\"valueName\":\"search_term_string\"}}],\"inLanguage\":\"de-DE\"},{\"@type\":\"Organization\",\"@id\":\"https:\\\/\\\/kitarulavilag.hu\\\/#organization\",\"name\":\"Kit\u00e1rul a Vil\u00e1g Fejleszt\u0151 K\u00f6zpont\",\"url\":\"https:\\\/\\\/kitarulavilag.hu\\\/\",\"logo\":{\"@type\":\"ImageObject\",\"inLanguage\":\"de-DE\",\"@id\":\"https:\\\/\\\/kitarulavilag.hu\\\/#\\\/schema\\\/logo\\\/image\\\/\",\"url\":\"http:\\\/\\\/kitarulavilag.hu\\\/wp-content\\\/uploads\\\/2021\\\/06\\\/cropped-Kitarul_a_vilag_logo-1.png\",\"contentUrl\":\"http:\\\/\\\/kitarulavilag.hu\\\/wp-content\\\/uploads\\\/2021\\\/06\\\/cropped-Kitarul_a_vilag_logo-1.png\",\"width\":512,\"height\":512,\"caption\":\"Kit\u00e1rul a Vil\u00e1g Fejleszt\u0151 K\u00f6zpont\"},\"image\":{\"@id\":\"https:\\\/\\\/kitarulavilag.hu\\\/#\\\/schema\\\/logo\\\/image\\\/\"},\"sameAs\":[\"https:\\\/\\\/www.facebook.com\\\/kitarulavilag\"]}]}<\/script>\n<!-- \/ Yoast SEO plugin. -->","yoast_head_json":{"title":"Partnerek","description":"Szakmai \u00e9s egy\u00fcttm\u0171k\u00f6d\u0151 partnereink list\u00e1j\u00e1t olvashatj\u00e1k ezen a linken.","robots":{"index":"index","follow":"follow","max-snippet":"max-snippet:-1","max-image-preview":"max-image-preview:large","max-video-preview":"max-video-preview:-1"},"canonical":"https:\/\/kitarulavilag.hu\/de\/partnerek\/","og_locale":"de_DE","og_type":"article","og_title":"[:hu]Partnerek[:] - Melind\u00e1val Kit\u00e1rul a Vil\u00e1g","og_description":"Szakmai \u00e9s egy\u00fcttm\u0171k\u00f6d\u0151 partnereink list\u00e1j\u00e1t olvashatj\u00e1k ezen a linken.","og_url":"https:\/\/kitarulavilag.hu\/de\/partnerek\/","og_site_name":"Melind\u00e1val Kit\u00e1rul a Vil\u00e1g","article_publisher":"https:\/\/www.facebook.com\/kitarulavilag","article_modified_time":"2025-10-15T09:22:00+00:00","twitter_card":"summary_large_image","twitter_misc":{"Gesch\u00e4tzte Lesezeit":"3\u00a0Minuten"},"schema":{"@context":"https:\/\/schema.org","@graph":[{"@type":"WebPage","@id":"https:\/\/kitarulavilag.hu\/partnerek\/","url":"https:\/\/kitarulavilag.hu\/partnerek\/","name":"Partnerek","isPartOf":{"@id":"https:\/\/kitarulavilag.hu\/#website"},"datePublished":"2022-08-09T11:41:26+00:00","dateModified":"2025-10-15T09:22:00+00:00","description":"Szakmai \u00e9s egy\u00fcttm\u0171k\u00f6d\u0151 partnereink list\u00e1j\u00e1t olvashatj\u00e1k ezen a linken.","breadcrumb":{"@id":"https:\/\/kitarulavilag.hu\/partnerek\/#breadcrumb"},"inLanguage":"de-DE","potentialAction":[{"@type":"ReadAction","target":["https:\/\/kitarulavilag.hu\/partnerek\/"]}]},{"@type":"BreadcrumbList","@id":"https:\/\/kitarulavilag.hu\/partnerek\/#breadcrumb","itemListElement":[{"@type":"ListItem","position":1,"name":"Kezd\u0151lap","item":"https:\/\/kitarulavilag.hu\/"},{"@type":"ListItem","position":2,"name":"Partnerek"}]},{"@type":"WebSite","@id":"https:\/\/kitarulavilag.hu\/#website","url":"https:\/\/kitarulavilag.hu\/","name":"Melind\u00e1val Kit\u00e1rul a Vil\u00e1g","description":"Fejleszt\u0151 K\u00f6zpont","publisher":{"@id":"https:\/\/kitarulavilag.hu\/#organization"},"potentialAction":[{"@type":"SearchAction","target":{"@type":"EntryPoint","urlTemplate":"https:\/\/kitarulavilag.hu\/?s={search_term_string}"},"query-input":{"@type":"PropertyValueSpecification","valueRequired":true,"valueName":"search_term_string"}}],"inLanguage":"de-DE"},{"@type":"Organization","@id":"https:\/\/kitarulavilag.hu\/#organization","name":"Kit\u00e1rul a Vil\u00e1g Fejleszt\u0151 K\u00f6zpont","url":"https:\/\/kitarulavilag.hu\/","logo":{"@type":"ImageObject","inLanguage":"de-DE","@id":"https:\/\/kitarulavilag.hu\/#\/schema\/logo\/image\/","url":"http:\/\/kitarulavilag.hu\/wp-content\/uploads\/2021\/06\/cropped-Kitarul_a_vilag_logo-1.png","contentUrl":"http:\/\/kitarulavilag.hu\/wp-content\/uploads\/2021\/06\/cropped-Kitarul_a_vilag_logo-1.png","width":512,"height":512,"caption":"Kit\u00e1rul a Vil\u00e1g Fejleszt\u0151 K\u00f6zpont"},"image":{"@id":"https:\/\/kitarulavilag.hu\/#\/schema\/logo\/image\/"},"sameAs":["https:\/\/www.facebook.com\/kitarulavilag"]}]}},"jetpack_sharing_enabled":true,"_links":{"self":[{"href":"https:\/\/kitarulavilag.hu\/de\/wp-json\/wp\/v2\/pages\/772","targetHints":{"allow":["GET"]}}],"collection":[{"href":"https:\/\/kitarulavilag.hu\/de\/wp-json\/wp\/v2\/pages"}],"about":[{"href":"https:\/\/kitarulavilag.hu\/de\/wp-json\/wp\/v2\/types\/page"}],"author":[{"embeddable":true,"href":"https:\/\/kitarulavilag.hu\/de\/wp-json\/wp\/v2\/users\/3"}],"replies":[{"embeddable":true,"href":"https:\/\/kitarulavilag.hu\/de\/wp-json\/wp\/v2\/comments?post=772"}],"version-history":[{"count":13,"href":"https:\/\/kitarulavilag.hu\/de\/wp-json\/wp\/v2\/pages\/772\/revisions"}],"predecessor-version":[{"id":1231,"href":"https:\/\/kitarulavilag.hu\/de\/wp-json\/wp\/v2\/pages\/772\/revisions\/1231"}],"wp:attachment":[{"href":"https:\/\/kitarulavilag.hu\/de\/wp-json\/wp\/v2\/media?parent=772"}],"curies":[{"name":"wp","href":"https:\/\/api.w.org\/{rel}","templated":true}]}}