{"id":376,"date":"2021-06-25T15:24:12","date_gmt":"2021-06-25T15:24:12","guid":{"rendered":"http:\/\/kitarulavilag.hu\/?page_id=376"},"modified":"2025-08-01T17:47:07","modified_gmt":"2025-08-01T17:47:07","slug":"hazirend","status":"publish","type":"page","link":"https:\/\/kitarulavilag.hu\/de\/hazirend\/","title":{"rendered":"H\u00e1zirend"},"content":{"rendered":"<p>[et_pb_section fb_built=&#8220;1&#8243; _builder_version=&#8220;4.16&#8243; _module_preset=&#8220;default&#8220; global_colors_info=&#8220;{}&#8220;][et_pb_row _builder_version=&#8220;4.16&#8243; _module_preset=&#8220;default&#8220; global_colors_info=&#8220;{}&#8220;][et_pb_column type=&#8220;4_4&#8243; _builder_version=&#8220;4.16&#8243; _module_preset=&#8220;default&#8220; global_colors_info=&#8220;{}&#8220;][et_pb_text _builder_version=&#8220;4.16&#8243; _module_preset=&#8220;default&#8220; header_4_text_align=&#8220;center&#8220; global_colors_info=&#8220;{}&#8220;]<\/p>\n<h1 style=\"text-align: center;\">H\u00e1zirend<\/h1>\n<p>[\/et_pb_text][\/et_pb_column][\/et_pb_row][et_pb_row _builder_version=&#8220;4.16&#8243; _module_preset=&#8220;default&#8220; global_colors_info=&#8220;{}&#8220;][et_pb_column type=&#8220;4_4&#8243; _builder_version=&#8220;4.16&#8243; _module_preset=&#8220;default&#8220; global_colors_info=&#8220;{}&#8220;][et_pb_text _builder_version=&#8220;4.16&#8243; _module_preset=&#8220;default&#8220; global_colors_info=&#8220;{}&#8220;]<\/p>\n<p>Kedves \u00c9rdekl\u0151d\u0151k, Sz\u00fcl\u0151k!<\/p>\n<p>Fontos sz\u00e1munkra, hogy a gyermek\u00fck fejl\u0151d\u00e9se \u00e9rdek\u00e9ben min\u00e9l hat\u00e9konyabb egy\u00fcttm\u0171k\u00f6d\u00e9st alak\u00edtsunk ki a csal\u00e1dokkal. Ennek \u00e9rdek\u00e9ben k\u00e9rj\u00fck n\u00e9h\u00e1ny egyszer\u0171 szab\u00e1ly betart\u00e1s\u00e1t, hogy az id\u0151t maxim\u00e1lisan arra haszn\u00e1lhassuk, hogy a gyermekkel, csal\u00e1ddal foglalkozzunk. Sokan j\u00e1rnak hozz\u00e1nk, ennek \u00e9rdek\u00e9ben fontos, hogy optimaliz\u00e1lni lehessen a rendelkez\u00e9sre \u00e1ll\u00f3 id\u0151kereteket.<\/p>\n<p>Fontos sz\u00e1munkra mindenki eg\u00e9szs\u00e9gnek v\u00e9delme, ez\u00e9rt <em>a <strong>Kit\u00e1rul a vil\u00e1g Fejleszt\u0151 K\u00f6zpontot csak eg\u00e9szs\u00e9ges gyermek l\u00e1togathatja<\/strong><\/em>. Amennyiben valaki l\u00e1zas, h\u0151emelked\u00e9se van, hasmen\u00e9se, vagy b\u00e1rmilyen fert\u0151z\u0151 betegs\u00e9ge van, maradjon otthon, pihenjen \u00e9s gy\u00f3gyuljon! Amennyiben m\u00e9gis betegen hozn\u00e1k be a gyermeket, koll\u00e9g\u00e1ink hazak\u00fcldik, az alkalom a b\u00e9rletb\u0151l levon\u00e1sra ker\u00fcl.<\/p>\n<p><em><strong>A fejleszt\u0151helyis\u00e9gekben \u00e9tel\/ital fogyaszt\u00e1sa <\/strong><\/em>(ter\u00e1pi\u00e1s helyzeten k\u00edv\u00fcl) <em><strong>szigor\u00faan tilos<\/strong><\/em><strong>!<\/strong> Ha a gyermek \u00e9hes, a v\u00e1r\u00f3t\/baba-mama szob\u00e1t, vagy a teraszt haszn\u00e1lhatj\u00e1k.<\/p>\n<p>A Kit\u00e1rul a vil\u00e1g Fejleszt\u0151 K\u00f6zpontot fenntart\u00f3 c\u00e9g felel\u0151ss\u00e9gbiztos\u00edt\u00e1ssal rendelkezik. <strong><em>A fejleszt\u00e9si \u00f3r\u00e1kon k\u00edv\u00fcl a sz\u00fcl\u0151k felel\u0151ss\u00e9ge \u00e9s k\u00f6teless\u00e9ge gyermek\u00fck fel\u00fcgyelete.<\/em><\/strong> Az \u00f3r\u00e1n k\u00edv\u00fcli esetleges balesetek\u00e9rt sem a terapeut\u00e1k, sem az int\u00e9zm\u00e9ny nem v\u00e1llal felel\u0151ss\u00e9get.<\/p>\n<p>Tartsuk tiszteletben egym\u00e1s idej\u00e9t. <strong><em>Az \u00f3r\u00e1kat minimum 48 \u00f3r\u00e1val a megbesz\u00e9lt id\u0151pont el\u0151tt k\u00e9rj\u00fck lemondani! Ellenkez\u0151 esetben az \u00f3ra a b\u00e9rletb\u0151l levon\u00e1sra ker\u00fcl. <\/em><\/strong>Amennyiben a gyermek beteg, k\u00e9rj\u00fck az oktat\u00e1si-nevel\u00e9si int\u00e9zm\u00e9nybe kapott igazol\u00e1st lef\u00e9nyk\u00e9pezni \u00e9s a koll\u00e9g\u00e1knak bemutatni. <strong><em>K\u00e9rj\u00fck, az \u00f3r\u00e1kra a megbesz\u00e9lt id\u0151pontban \u00e9rkezzenek!<\/em><\/strong> Mivel \u00f3rarenddel dolgozunk, az \u00f3r\u00e1kat a megbesz\u00e9lt kezd\u00e9si id\u0151ponthoz k\u00e9pest 45 perc ut\u00e1n befejezz\u00fck.<\/p>\n<p>A Kit\u00e1rul a vil\u00e1g Fejleszt\u0151 K\u00f6zpontban igyeksz\u00fcnk v\u00e1ltozatos, j\u00f3 min\u0151s\u00e9g\u0171 fejleszt\u0151eszk\u00f6z\u00f6ket nagy mennyis\u00e9gben haszn\u00e1lni, ez\u00e9rt <strong><em>a fejleszt\u0151helyis\u00e9gekben mind a gyermek, mind a sz\u00fcl\u0151 kiz\u00e1r\u00f3lag az int\u00e9zm\u00e9ny dolgoz\u00f3j\u00e1nak jelenl\u00e9t\u00e9ben tart\u00f3zkodhat.<\/em><\/strong><\/p>\n<p>Mivel sok csal\u00e1d fordul meg n\u00e1lunk \u00e9s nagyon sokan szeretn\u00e9nek j\u00f6nni, <strong><em>az int\u00e9zm\u00e9ny b\u00e9rletes rendszerben m\u0171k\u00f6dik<\/em><\/strong>. Alkalmank\u00e9nti fizet\u00e9sre kiz\u00e1r\u00f3lag sz\u0171r\u00e9sek, felm\u00e9r\u00e9sek eset\u00e9ben van lehet\u0151s\u00e9g. <strong><em>B\u00e9rleteink 6 h\u00e9tig \u00e9rv\u00e9nyesek<\/em><\/strong>. Annak \u00e9rdek\u00e9ben, hogy mindenki, aki n\u00e1lunk szeretn\u00e9 a fejleszt\u00e9si \u00f3r\u00e1kat ig\u00e9nybe venni, ezt megtehesse, meg kellett hoznunk egy neh\u00e9z d\u00f6nt\u00e9st. <strong><em>Ha egy csal\u00e1d 2 alkalommal el\u0151zetes lemond\u00e1s\/egyeztet\u00e9s alapj\u00e1n nem jelenik meg a fejleszt\u00e9sen, a hely\u00e9t nem tudjuk biztos\u00edtani.<\/em><\/strong><\/p>\n<p><strong><em>Ha valaki sz\u0171r\u00e9sre, felm\u00e9r\u00e9sre, tan\u00e1csad\u00e1sra jelentkezik, \u00e9s lemond\u00e1s n\u00e9lk\u00fcl nem jelenik meg, a k\u00f6vetkez\u0151 id\u0151pontot akkor tudja k\u00e9rni, ha a sz\u0171r\u00e9s \u00e1r\u00e1nak 50%-\u00e1t el\u0151re utalja.<\/em><\/strong> Term\u00e9szetesen a helysz\u00ednen m\u00e1r csak a fennmarad\u00f3 50%-ot fizeti ki.<\/p>\n<p>Az egyik legnagyobb b\u00fcszkes\u00e9g\u00fcnk a fejleszt\u00e9sek mellett a tan\u00edt\u00e1s lehet\u0151s\u00e9ge. <strong><em>Az ELTE\u00a0BGGYK autizmus szakir\u00e1ny\u00e1r\u00f3l rendszeresen hallgat\u00f3k \u00e9rkeznek hozz\u00e1nk gyakorlatra. <\/em><\/strong>A hallgat\u00f3k a gyakorlatvezet\u0151j\u00fckkel (Sz\u0151ke Melinda) egyeztetve \u00f3rar\u00e9szleteket, pedag\u00f3giai felm\u00e9r\u00e9seket\/tervez\u00e9seket v\u00e9geznek. Amennyiben ehhez nem j\u00e1rulnak hozz\u00e1, a saj\u00e1t gy\u00f3gypedag\u00f3gusukn\u00e1l jelezhetik.<\/p>\n<p>A Kit\u00e1rul a vil\u00e1g Fejleszt\u0151 K\u00f6zpontban els\u0151sorban szakmai\/marketing c\u00e9llal f\u00e9nyk\u00e9peket k\u00e9sz\u00edt\u00fcnk. Ennek felhaszn\u00e1l\u00e1si m\u00f3dj\u00e1r\u00f3l a sz\u00fcl\u0151ket el\u0151zetesen t\u00e1j\u00e9koztatjuk, beleegyez\u00e9s\u00fcket k\u00e9rj\u00fck. <strong><em>Amennyiben nem j\u00e1rulnak hozz\u00e1 a fot\u00f3z\u00e1shoz\/k\u00e9pek bizonyos ter\u00fcleteken t\u00f6rt\u00e9n\u0151 felhaszn\u00e1l\u00e1s\u00e1hoz, err\u0151l \u00edr\u00e1sban nyilatkozhatnak a gyermekkel foglalkoz\u00f3 koll\u00e9g\u00e1n\u00e1l.<\/em><\/strong><\/p>\n<p>Az int\u00e9zm\u00e9ny ter\u00fclet\u00e9n bel\u00fcl (h\u00e1tul az udvarban) <strong><em>van doh\u00e1nyz\u00e1sra kijel\u00f6lt hely<\/em><\/strong>. K\u00e9rj\u00fck azt haszn\u00e1lj\u00e1k! Meg\u00e9rt\u00e9s\u00fcket k\u00f6sz\u00f6nj\u00fck!<\/p>\n<p>Amennyiben a sz\u00fcl\u0151k <strong><em>b\u00e1rmilyen probl\u00e9m\u00e1t, neh\u00e9zs\u00e9get \u00e9rz\u00e9kelnek, k\u00e9rj\u00fck a terapeut\u00e1juk fel\u00e9 jelezz\u00e9k<\/em><\/strong> els\u0151sorban. <strong><em>Amennyiben a probl\u00e9ma nem old\u00f3dik meg, \u00fagy a Kit\u00e1rul a vil\u00e1g Fejleszt\u0151 K\u00f6zpont vezet\u0151j\u00e9t (Sz\u0151ke Melind\u00e1t) keress\u00e9k.<\/em><\/strong><\/p>\n<p><strong><\/strong><\/p>\n<p><strong><\/strong><\/p>\n<p><strong><\/strong><\/p>\n<p><strong>Panasz eset\u00e9n \u00e9rtes\u00edtend\u0151<\/strong> a gyermek gy\u00f3gypedag\u00f3gusa, stb. ut\u00e1n:<\/p>\n<p>Sz\u0151ke Melinda<br \/>int\u00e9zm\u00e9nyvezet\u0151<br \/>1205 Budapest, M\u00e1rt\u00edrok \u00fatja 57.<br \/><a href=\"mailto:szokemelinda@kitarulavilag.hu\">szokemelinda@kitarulavilag.hu<\/a><\/p>\n<p>Budapest F\u0151v\u00e1ros Korm\u00e1nyhivatal\u00e1nak Fogyaszt\u00f3v\u00e9delmi F\u0151oszt\u00e1lya<br \/>C\u00edm: 1051 Budapest, Sas utca 19. III. emelet<br \/>Telefon: (1) 450-25-98<br \/>Email: <a href=\"mailto:fogyved_kmf_budapest@bfkh.gov.hu\">fogyved_kmf_budapest@bfkh.gov.hu<\/a><\/p>\n<p>&nbsp;<\/p>\n<p>Budapesti B\u00e9k\u00e9ltet\u0151 Test\u00fclet<br \/>C\u00edm: 1016 Budapest, Krisztina krt. 99.<br \/>Telefon: (1) 488-21-31<br \/>Email: <a href=\"mailto:bekelteto.testulet@bkik.hu\">bekelteto.testulet@bkik.hu<\/a><br \/>Honlap c\u00edm: bekeltet.bkik.hu<\/p>\n<p>[\/et_pb_text][\/et_pb_column][\/et_pb_row][\/et_pb_section]<\/p>\n","protected":false},"excerpt":{"rendered":"<p>H\u00e1zirendKedves \u00c9rdekl\u0151d\u0151k, Sz\u00fcl\u0151k! Fontos sz\u00e1munkra, hogy a gyermek\u00fck fejl\u0151d\u00e9se \u00e9rdek\u00e9ben min\u00e9l hat\u00e9konyabb egy\u00fcttm\u0171k\u00f6d\u00e9st alak\u00edtsunk ki a csal\u00e1dokkal. Ennek \u00e9rdek\u00e9ben k\u00e9rj\u00fck n\u00e9h\u00e1ny egyszer\u0171 szab\u00e1ly betart\u00e1s\u00e1t, hogy az id\u0151t maxim\u00e1lisan arra haszn\u00e1lhassuk, hogy a gyermekkel, csal\u00e1ddal foglalkozzunk. Sokan j\u00e1rnak hozz\u00e1nk, ennek \u00e9rdek\u00e9ben fontos, hogy optimaliz\u00e1lni lehessen a rendelkez\u00e9sre \u00e1ll\u00f3 id\u0151kereteket. Fontos sz\u00e1munkra mindenki eg\u00e9szs\u00e9gnek v\u00e9delme, ez\u00e9rt a [&hellip;]<\/p>\n","protected":false},"author":2,"featured_media":0,"parent":0,"menu_order":0,"comment_status":"closed","ping_status":"closed","template":"","meta":{"_et_pb_use_builder":"on","_et_pb_old_content":"","_et_gb_content_width":"","footnotes":""},"class_list":["post-376","page","type-page","status-publish","hentry"],"yoast_head":"<!-- This site is optimized with the Yoast SEO plugin v27.4 - https:\/\/yoast.com\/product\/yoast-seo-wordpress\/ -->\n<title>H\u00e1zirend<\/title>\n<meta name=\"robots\" content=\"index, follow, max-snippet:-1, max-image-preview:large, max-video-preview:-1\" \/>\n<link rel=\"canonical\" href=\"https:\/\/kitarulavilag.hu\/de\/hazirend\/\" \/>\n<meta property=\"og:locale\" content=\"de_DE\" \/>\n<meta property=\"og:locale:alternate\" content=\"hu_HU\" \/>\n<meta property=\"og:type\" content=\"article\" \/>\n<meta property=\"og:title\" content=\"H\u00e1zirend\" \/>\n<meta property=\"og:description\" content=\"H\u00e1zirendKedves \u00c9rdekl\u0151d\u0151k, Sz\u00fcl\u0151k! Fontos sz\u00e1munkra, hogy a gyermek\u00fck fejl\u0151d\u00e9se \u00e9rdek\u00e9ben min\u00e9l hat\u00e9konyabb egy\u00fcttm\u0171k\u00f6d\u00e9st alak\u00edtsunk ki a csal\u00e1dokkal. Ennek \u00e9rdek\u00e9ben k\u00e9rj\u00fck n\u00e9h\u00e1ny egyszer\u0171 szab\u00e1ly betart\u00e1s\u00e1t, hogy az id\u0151t maxim\u00e1lisan arra haszn\u00e1lhassuk, hogy a gyermekkel, csal\u00e1ddal foglalkozzunk. Sokan j\u00e1rnak hozz\u00e1nk, ennek \u00e9rdek\u00e9ben fontos, hogy optimaliz\u00e1lni lehessen a rendelkez\u00e9sre \u00e1ll\u00f3 id\u0151kereteket. Fontos sz\u00e1munkra mindenki eg\u00e9szs\u00e9gnek v\u00e9delme, ez\u00e9rt a [&hellip;]\" \/>\n<meta property=\"og:url\" content=\"https:\/\/kitarulavilag.hu\/de\/hazirend\/\" \/>\n<meta property=\"og:site_name\" content=\"Melind\u00e1val Kit\u00e1rul a Vil\u00e1g\" \/>\n<meta property=\"article:publisher\" content=\"https:\/\/www.facebook.com\/kitarulavilag\" \/>\n<meta property=\"article:modified_time\" content=\"2025-08-01T17:47:07+00:00\" \/>\n<meta name=\"twitter:card\" content=\"summary_large_image\" \/>\n<meta name=\"twitter:label1\" content=\"Gesch\u00e4tzte Lesezeit\" \/>\n\t<meta name=\"twitter:data1\" content=\"5\u00a0Minuten\" \/>\n<script type=\"application\/ld+json\" class=\"yoast-schema-graph\">{\"@context\":\"https:\\\/\\\/schema.org\",\"@graph\":[{\"@type\":\"WebPage\",\"@id\":\"https:\\\/\\\/kitarulavilag.hu\\\/hazirend\\\/\",\"url\":\"https:\\\/\\\/kitarulavilag.hu\\\/hazirend\\\/\",\"name\":\"H\u00e1zirend\",\"isPartOf\":{\"@id\":\"https:\\\/\\\/kitarulavilag.hu\\\/#website\"},\"datePublished\":\"2021-06-25T15:24:12+00:00\",\"dateModified\":\"2025-08-01T17:47:07+00:00\",\"breadcrumb\":{\"@id\":\"https:\\\/\\\/kitarulavilag.hu\\\/hazirend\\\/#breadcrumb\"},\"inLanguage\":\"de-DE\",\"potentialAction\":[{\"@type\":\"ReadAction\",\"target\":[\"https:\\\/\\\/kitarulavilag.hu\\\/hazirend\\\/\"]}]},{\"@type\":\"BreadcrumbList\",\"@id\":\"https:\\\/\\\/kitarulavilag.hu\\\/hazirend\\\/#breadcrumb\",\"itemListElement\":[{\"@type\":\"ListItem\",\"position\":1,\"name\":\"Kezd\u0151lap\",\"item\":\"https:\\\/\\\/kitarulavilag.hu\\\/\"},{\"@type\":\"ListItem\",\"position\":2,\"name\":\"H\u00e1zirend\"}]},{\"@type\":\"WebSite\",\"@id\":\"https:\\\/\\\/kitarulavilag.hu\\\/#website\",\"url\":\"https:\\\/\\\/kitarulavilag.hu\\\/\",\"name\":\"Melind\u00e1val Kit\u00e1rul a Vil\u00e1g\",\"description\":\"Fejleszt\u0151 K\u00f6zpont\",\"publisher\":{\"@id\":\"https:\\\/\\\/kitarulavilag.hu\\\/#organization\"},\"potentialAction\":[{\"@type\":\"SearchAction\",\"target\":{\"@type\":\"EntryPoint\",\"urlTemplate\":\"https:\\\/\\\/kitarulavilag.hu\\\/?s={search_term_string}\"},\"query-input\":{\"@type\":\"PropertyValueSpecification\",\"valueRequired\":true,\"valueName\":\"search_term_string\"}}],\"inLanguage\":\"de-DE\"},{\"@type\":\"Organization\",\"@id\":\"https:\\\/\\\/kitarulavilag.hu\\\/#organization\",\"name\":\"Kit\u00e1rul a Vil\u00e1g Fejleszt\u0151 K\u00f6zpont\",\"url\":\"https:\\\/\\\/kitarulavilag.hu\\\/\",\"logo\":{\"@type\":\"ImageObject\",\"inLanguage\":\"de-DE\",\"@id\":\"https:\\\/\\\/kitarulavilag.hu\\\/#\\\/schema\\\/logo\\\/image\\\/\",\"url\":\"http:\\\/\\\/kitarulavilag.hu\\\/wp-content\\\/uploads\\\/2021\\\/06\\\/cropped-Kitarul_a_vilag_logo-1.png\",\"contentUrl\":\"http:\\\/\\\/kitarulavilag.hu\\\/wp-content\\\/uploads\\\/2021\\\/06\\\/cropped-Kitarul_a_vilag_logo-1.png\",\"width\":512,\"height\":512,\"caption\":\"Kit\u00e1rul a Vil\u00e1g Fejleszt\u0151 K\u00f6zpont\"},\"image\":{\"@id\":\"https:\\\/\\\/kitarulavilag.hu\\\/#\\\/schema\\\/logo\\\/image\\\/\"},\"sameAs\":[\"https:\\\/\\\/www.facebook.com\\\/kitarulavilag\"]}]}<\/script>\n<!-- \/ Yoast SEO plugin. -->","yoast_head_json":{"title":"H\u00e1zirend","robots":{"index":"index","follow":"follow","max-snippet":"max-snippet:-1","max-image-preview":"max-image-preview:large","max-video-preview":"max-video-preview:-1"},"canonical":"https:\/\/kitarulavilag.hu\/de\/hazirend\/","og_locale":"de_DE","og_type":"article","og_title":"[:hu]H\u00e1zirend[:] - Melind\u00e1val Kit\u00e1rul a Vil\u00e1g","og_description":"H\u00e1zirendKedves \u00c9rdekl\u0151d\u0151k, Sz\u00fcl\u0151k! Fontos sz\u00e1munkra, hogy a gyermek\u00fck fejl\u0151d\u00e9se \u00e9rdek\u00e9ben min\u00e9l hat\u00e9konyabb egy\u00fcttm\u0171k\u00f6d\u00e9st alak\u00edtsunk ki a csal\u00e1dokkal. Ennek \u00e9rdek\u00e9ben k\u00e9rj\u00fck n\u00e9h\u00e1ny egyszer\u0171 szab\u00e1ly betart\u00e1s\u00e1t, hogy az id\u0151t maxim\u00e1lisan arra haszn\u00e1lhassuk, hogy a gyermekkel, csal\u00e1ddal foglalkozzunk. Sokan j\u00e1rnak hozz\u00e1nk, ennek \u00e9rdek\u00e9ben fontos, hogy optimaliz\u00e1lni lehessen a rendelkez\u00e9sre \u00e1ll\u00f3 id\u0151kereteket. Fontos sz\u00e1munkra mindenki eg\u00e9szs\u00e9gnek v\u00e9delme, ez\u00e9rt a [&hellip;]","og_url":"https:\/\/kitarulavilag.hu\/de\/hazirend\/","og_site_name":"Melind\u00e1val Kit\u00e1rul a Vil\u00e1g","article_publisher":"https:\/\/www.facebook.com\/kitarulavilag","article_modified_time":"2025-08-01T17:47:07+00:00","twitter_card":"summary_large_image","twitter_misc":{"Gesch\u00e4tzte Lesezeit":"5\u00a0Minuten"},"schema":{"@context":"https:\/\/schema.org","@graph":[{"@type":"WebPage","@id":"https:\/\/kitarulavilag.hu\/hazirend\/","url":"https:\/\/kitarulavilag.hu\/hazirend\/","name":"H\u00e1zirend","isPartOf":{"@id":"https:\/\/kitarulavilag.hu\/#website"},"datePublished":"2021-06-25T15:24:12+00:00","dateModified":"2025-08-01T17:47:07+00:00","breadcrumb":{"@id":"https:\/\/kitarulavilag.hu\/hazirend\/#breadcrumb"},"inLanguage":"de-DE","potentialAction":[{"@type":"ReadAction","target":["https:\/\/kitarulavilag.hu\/hazirend\/"]}]},{"@type":"BreadcrumbList","@id":"https:\/\/kitarulavilag.hu\/hazirend\/#breadcrumb","itemListElement":[{"@type":"ListItem","position":1,"name":"Kezd\u0151lap","item":"https:\/\/kitarulavilag.hu\/"},{"@type":"ListItem","position":2,"name":"H\u00e1zirend"}]},{"@type":"WebSite","@id":"https:\/\/kitarulavilag.hu\/#website","url":"https:\/\/kitarulavilag.hu\/","name":"Melind\u00e1val Kit\u00e1rul a Vil\u00e1g","description":"Fejleszt\u0151 K\u00f6zpont","publisher":{"@id":"https:\/\/kitarulavilag.hu\/#organization"},"potentialAction":[{"@type":"SearchAction","target":{"@type":"EntryPoint","urlTemplate":"https:\/\/kitarulavilag.hu\/?s={search_term_string}"},"query-input":{"@type":"PropertyValueSpecification","valueRequired":true,"valueName":"search_term_string"}}],"inLanguage":"de-DE"},{"@type":"Organization","@id":"https:\/\/kitarulavilag.hu\/#organization","name":"Kit\u00e1rul a Vil\u00e1g Fejleszt\u0151 K\u00f6zpont","url":"https:\/\/kitarulavilag.hu\/","logo":{"@type":"ImageObject","inLanguage":"de-DE","@id":"https:\/\/kitarulavilag.hu\/#\/schema\/logo\/image\/","url":"http:\/\/kitarulavilag.hu\/wp-content\/uploads\/2021\/06\/cropped-Kitarul_a_vilag_logo-1.png","contentUrl":"http:\/\/kitarulavilag.hu\/wp-content\/uploads\/2021\/06\/cropped-Kitarul_a_vilag_logo-1.png","width":512,"height":512,"caption":"Kit\u00e1rul a Vil\u00e1g Fejleszt\u0151 K\u00f6zpont"},"image":{"@id":"https:\/\/kitarulavilag.hu\/#\/schema\/logo\/image\/"},"sameAs":["https:\/\/www.facebook.com\/kitarulavilag"]}]}},"jetpack_sharing_enabled":true,"_links":{"self":[{"href":"https:\/\/kitarulavilag.hu\/de\/wp-json\/wp\/v2\/pages\/376","targetHints":{"allow":["GET"]}}],"collection":[{"href":"https:\/\/kitarulavilag.hu\/de\/wp-json\/wp\/v2\/pages"}],"about":[{"href":"https:\/\/kitarulavilag.hu\/de\/wp-json\/wp\/v2\/types\/page"}],"author":[{"embeddable":true,"href":"https:\/\/kitarulavilag.hu\/de\/wp-json\/wp\/v2\/users\/2"}],"replies":[{"embeddable":true,"href":"https:\/\/kitarulavilag.hu\/de\/wp-json\/wp\/v2\/comments?post=376"}],"version-history":[{"count":8,"href":"https:\/\/kitarulavilag.hu\/de\/wp-json\/wp\/v2\/pages\/376\/revisions"}],"predecessor-version":[{"id":1119,"href":"https:\/\/kitarulavilag.hu\/de\/wp-json\/wp\/v2\/pages\/376\/revisions\/1119"}],"wp:attachment":[{"href":"https:\/\/kitarulavilag.hu\/de\/wp-json\/wp\/v2\/media?parent=376"}],"curies":[{"name":"wp","href":"https:\/\/api.w.org\/{rel}","templated":true}]}}