{"id":262,"date":"2021-06-25T12:45:35","date_gmt":"2021-06-25T12:45:35","guid":{"rendered":"http:\/\/kitarulavilag.hu\/?page_id=262"},"modified":"2022-02-04T11:36:48","modified_gmt":"2022-02-04T11:36:48","slug":"szenzoros-integracios-terapia","status":"publish","type":"page","link":"https:\/\/kitarulavilag.hu\/de\/szenzoros-integracios-terapia\/","title":{"rendered":"Szenzoros integr\u00e1ci\u00f3s ter\u00e1pia"},"content":{"rendered":"<p>[et_pb_section fb_built=&#8220;1&#8243; _builder_version=&#8220;4.8.2&#8243; _module_preset=&#8220;default&#8220;][et_pb_row _builder_version=&#8220;4.9.4&#8243; _module_preset=&#8220;default&#8220;][et_pb_column type=&#8220;4_4&#8243; _builder_version=&#8220;4.9.4&#8243; _module_preset=&#8220;default&#8220;][et_pb_text _builder_version=&#8220;4.9.4&#8243; _module_preset=&#8220;default&#8220; header_2_text_align=&#8220;center&#8220;]<\/p>\n<h2>Szenzoros integr\u00e1ci\u00f3s ter\u00e1pia<\/h2>\n<p>[\/et_pb_text][\/et_pb_column][\/et_pb_row][et_pb_row column_structure=&#8220;1_2,1_2&#8243; _builder_version=&#8220;4.9.4&#8243; _module_preset=&#8220;default&#8220;][et_pb_column type=&#8220;1_2&#8243; _builder_version=&#8220;4.9.4&#8243; _module_preset=&#8220;default&#8220;][et_pb_text _builder_version=&#8220;4.9.4&#8243; _module_preset=&#8220;default&#8220;]<\/p>\n<p>A szenzoros integr\u00e1ci\u00f3s ter\u00e1pi\u00e1k (Alapoz\u00f3 Ter\u00e1pia, TSMT, DSzIT, SzIT, stb.) egy t\u0151r\u0151l fakadnak. Ez pedig a Jean Ayres nev\u00e9hez f\u0171z\u0151d\u0151 Szenzoros Integr\u00e1ci\u00f3s Ter\u00e1pia (tov\u00e1bbiakban SzIT).<\/p>\n<p>A szenzoros integr\u00e1ci\u00f3 olyan neurol\u00f3giai folyamat, mely a test\u00fcnk \u00e9s a k\u00f6rnyezet\u00fcnk ingereit\/\u00e9rzeteit rendezi, \u00e9s lehet\u0151v\u00e9 teszi, hogy test\u00fcnket az aktu\u00e1lis helyzetnek megfelel\u0151en tudjuk haszn\u00e1lni. A folyamat h\u00e1rom r\u00e9szb\u0151l \u00e1ll: az ingerek \u00e9rz\u00e9kel\u00e9s\u00e9b\u0151l, ezek feldolgoz\u00e1s\u00e1b\u00f3l \u00e9s a be\u00e9rkez\u0151 ingerekre adott megfelel\u0151 v\u00e1laszreakci\u00f3b\u00f3l.<\/p>\n<p>[\/et_pb_text][\/et_pb_column][et_pb_column type=&#8220;1_2&#8243; _builder_version=&#8220;4.9.4&#8243; _module_preset=&#8220;default&#8220;][et_pb_image src=&#8220;http:\/\/kitarulavilag.hu\/wp-content\/uploads\/2021\/06\/Szenzoros-integracio.jpg&#8220; title_text=&#8220;Szenzoros-integracio&#8220; _builder_version=&#8220;4.9.4&#8243; _module_preset=&#8220;default&#8220;][\/et_pb_image][\/et_pb_column][\/et_pb_row][et_pb_row column_structure=&#8220;1_2,1_2&#8243; _builder_version=&#8220;4.9.4&#8243; _module_preset=&#8220;default&#8220;][et_pb_column type=&#8220;1_2&#8243; _builder_version=&#8220;4.9.4&#8243; _module_preset=&#8220;default&#8220;][et_pb_text _builder_version=&#8220;4.9.4&#8243; _module_preset=&#8220;default&#8220;]<\/p>\n<p>A szenzoros integr\u00e1ci\u00f3s ter\u00e1pia sor\u00e1n ezeket a folyamatokat m\u00e9ri fel a szakember \u00e9s ezek alapj\u00e1n a sz\u00fcl\u0151vel egyeztetve hat\u00e1rozz\u00e1k meg a c\u00e9lokat. A feladatok tervezettek, a konduktor\/gy\u00f3gypedag\u00f3gus hat\u00e1rozza meg az \u00f3ra menet\u00e9t, az eszk\u00f6z\u00f6ket \u00fagy k\u00e9sz\u00edti el\u0151, hogy biztos\u00edtsa a gyermek sz\u00e1m\u00e1ra a v\u00e1laszt\u00e1s lehet\u0151s\u00e9g\u00e9t, \u00e9s a c\u00e9lok megval\u00f3suljanak. Az \u00f3r\u00e1kon vagy nagymozg\u00e1sos eszk\u00f6z\u00f6ket (hinta, g\u00f6rdeszka, trambulin, korongok, labd\u00e1k stb.) vagy az \u00e9rz\u00e9kel\u00e9si probl\u00e9m\u00e1nak megfelel\u0151 egy\u00e9b j\u00e1t\u00e9kokat\/haszn\u00e1lati t\u00e1rgyakat (hangszereket, ecsetet, slime-t stb.) haszn\u00e1lnak. Minden \u00f3r\u00e1ba ker\u00fcl a gyermek k\u00e9pess\u00e9geihez igaz\u00edtva finommozg\u00e1sos, vagy r\u00e9szk\u00e9pess\u00e9gfejleszt\u0151 j\u00e1t\u00e9k is.<\/p>\n<p>[\/et_pb_text][\/et_pb_column][et_pb_column type=&#8220;1_2&#8243; _builder_version=&#8220;4.9.4&#8243; _module_preset=&#8220;default&#8220;][et_pb_image src=&#8220;http:\/\/kitarulavilag.hu\/wp-content\/uploads\/2021\/06\/IMG_20190522_141144.jpg&#8220; title_text=&#8220;IMG_20190522_141144&#8243; _builder_version=&#8220;4.9.4&#8243; _module_preset=&#8220;default&#8220;][\/et_pb_image][\/et_pb_column][\/et_pb_row][et_pb_row _builder_version=&#8220;4.9.4&#8243; _module_preset=&#8220;default&#8220;][et_pb_column type=&#8220;4_4&#8243; _builder_version=&#8220;4.9.4&#8243; _module_preset=&#8220;default&#8220;][et_pb_text _builder_version=&#8220;4.9.4&#8243; _module_preset=&#8220;default&#8220;]<\/p>\n<p>A fejleszt\u00e9s \u00e1ltal\u00e1ban egy\u00e9ni vagy kiscsoportos form\u00e1ban t\u00f6rt\u00e9nik. Ideje n\u00e9h\u00e1ny h\u00f3napt\u00f3l 1-2 tan\u00e9vig terjed. Amennyiben a gyermek a visszam\u00e9r\u00e9sek alapj\u00e1n el\u00e9rte a kor\u00e1nak megfelel\u0151 szinteket, nincs sz\u00fcks\u00e9g tov\u00e1bbi ell\u00e1t\u00e1sra.<\/p>\n<p>A szenzoros integr\u00e1ci\u00f3s ter\u00e1pia javasolt lehet mozg\u00e1stervez\u00e9si neh\u00e9zs\u00e9gekre, egyens\u00falyfejleszt\u00e9sre, a szenzoros feldolgoz\u00e1s okozta zavarra, \u00edz-, szag-, hall\u00e1si \u00e9rz\u00e9kel\u00e9si neh\u00e9zs\u00e9gek fejleszt\u00e9s\u00e9re, megk\u00e9sett besz\u00e9dfejl\u0151d\u00e9sn\u00e9l. Az elj\u00e1r\u00e1s kb.1,5 \u00e9ves kort\u00f3l 11 \u00e9ves korig alkalmazhat\u00f3.<\/p>\n<p><strong>Sz\u0151ke Melinda<\/strong><br \/>\u2028gy\u00f3gypedag\u00f3gus &#8211; konduktor, Ayres-terapeuta<\/p>\n<p>[\/et_pb_text][\/et_pb_column][\/et_pb_row][et_pb_row _builder_version=&#8220;4.8.2&#8243; _module_preset=&#8220;default&#8220;][et_pb_column type=&#8220;4_4&#8243; _builder_version=&#8220;4.8.2&#8243; _module_preset=&#8220;default&#8220;][et_pb_button button_url=&#8220;@ET-DC@eyJkeW5hbWljIjp0cnVlLCJjb250ZW50IjoicG9zdF9saW5rX3VybF9wYWdlIiwic2V0dGluZ3MiOnsicG9zdF9pZCI6IjIwNSJ9fQ==@&#8220; button_text=&#8220;Vissza&#8220; button_alignment=&#8220;center&#8220; _builder_version=&#8220;4.9.7&#8243; _dynamic_attributes=&#8220;button_url&#8220; _module_preset=&#8220;default&#8220;][\/et_pb_button][\/et_pb_column][\/et_pb_row][\/et_pb_section]<\/p>\n","protected":false},"excerpt":{"rendered":"<p>Szenzoros integr\u00e1ci\u00f3s ter\u00e1piaA szenzoros integr\u00e1ci\u00f3s ter\u00e1pi\u00e1k (Alapoz\u00f3 Ter\u00e1pia, TSMT, DSzIT, SzIT, stb.) egy t\u0151r\u0151l fakadnak. Ez pedig a Jean Ayres nev\u00e9hez f\u0171z\u0151d\u0151 Szenzoros Integr\u00e1ci\u00f3s Ter\u00e1pia (tov\u00e1bbiakban SzIT). A szenzoros integr\u00e1ci\u00f3 olyan neurol\u00f3giai folyamat, mely a test\u00fcnk \u00e9s a k\u00f6rnyezet\u00fcnk ingereit\/\u00e9rzeteit rendezi, \u00e9s lehet\u0151v\u00e9 teszi, hogy test\u00fcnket az aktu\u00e1lis helyzetnek megfelel\u0151en tudjuk haszn\u00e1lni. A folyamat h\u00e1rom [&hellip;]<\/p>\n","protected":false},"author":2,"featured_media":460,"parent":0,"menu_order":0,"comment_status":"closed","ping_status":"closed","template":"","meta":{"_et_pb_use_builder":"on","_et_pb_old_content":"","_et_gb_content_width":"","footnotes":""},"class_list":["post-262","page","type-page","status-publish","has-post-thumbnail","hentry"],"yoast_head":"<!-- This site is optimized with the Yoast SEO plugin v27.3 - https:\/\/yoast.com\/product\/yoast-seo-wordpress\/ -->\n<title>Szenzoros integr\u00e1ci\u00f3s ter\u00e1pia - Melind\u00e1val Kit\u00e1rul a Vil\u00e1g<\/title>\n<meta name=\"description\" content=\"A szenzoros integr\u00e1ci\u00f3s ter\u00e1pi\u00e1k (Alapoz\u00f3 Ter\u00e1pia, TSMT, DSzIT, SzIT, stb.) egy t\u0151r\u0151l fakadnak. Ez pedig a Jean Ayres nev\u00e9hez f\u0171z\u0151d\u0151 Szenzoros Integr\u00e1ci\u00f3s Ter\u00e1pia (tov\u00e1bbiakban SzIT).\" \/>\n<meta name=\"robots\" content=\"index, follow, max-snippet:-1, max-image-preview:large, max-video-preview:-1\" \/>\n<link rel=\"canonical\" href=\"https:\/\/kitarulavilag.hu\/de\/szenzoros-integracios-terapia\/\" \/>\n<meta property=\"og:locale\" content=\"de_DE\" \/>\n<meta property=\"og:locale:alternate\" content=\"hu_HU\" \/>\n<meta property=\"og:type\" content=\"article\" \/>\n<meta property=\"og:title\" content=\"Szenzoros integr\u00e1ci\u00f3s ter\u00e1pia - Melind\u00e1val Kit\u00e1rul a Vil\u00e1g\" \/>\n<meta property=\"og:description\" content=\"A szenzoros integr\u00e1ci\u00f3s ter\u00e1pi\u00e1k (Alapoz\u00f3 Ter\u00e1pia, TSMT, DSzIT, SzIT, stb.) egy t\u0151r\u0151l fakadnak. Ez pedig a Jean Ayres nev\u00e9hez f\u0171z\u0151d\u0151 Szenzoros Integr\u00e1ci\u00f3s Ter\u00e1pia (tov\u00e1bbiakban SzIT).\" \/>\n<meta property=\"og:url\" content=\"https:\/\/kitarulavilag.hu\/de\/szenzoros-integracios-terapia\/\" \/>\n<meta property=\"og:site_name\" content=\"Melind\u00e1val Kit\u00e1rul a Vil\u00e1g\" \/>\n<meta property=\"article:publisher\" content=\"https:\/\/www.facebook.com\/kitarulavilag\" \/>\n<meta property=\"article:modified_time\" content=\"2022-02-04T11:36:48+00:00\" \/>\n<meta property=\"og:image\" content=\"https:\/\/kitarulavilag.hu\/wp-content\/uploads\/2021\/06\/Szenzoros-integracio-1.jpg\" \/>\n\t<meta property=\"og:image:width\" content=\"900\" \/>\n\t<meta property=\"og:image:height\" content=\"600\" \/>\n\t<meta property=\"og:image:type\" content=\"image\/jpeg\" \/>\n<meta name=\"twitter:card\" content=\"summary_large_image\" \/>\n<meta name=\"twitter:label1\" content=\"Gesch\u00e4tzte Lesezeit\" \/>\n\t<meta name=\"twitter:data1\" content=\"3\u00a0Minuten\" \/>\n<script type=\"application\/ld+json\" class=\"yoast-schema-graph\">{\"@context\":\"https:\\\/\\\/schema.org\",\"@graph\":[{\"@type\":\"WebPage\",\"@id\":\"https:\\\/\\\/kitarulavilag.hu\\\/szenzoros-integracios-terapia\\\/\",\"url\":\"https:\\\/\\\/kitarulavilag.hu\\\/szenzoros-integracios-terapia\\\/\",\"name\":\"Szenzoros integr\u00e1ci\u00f3s ter\u00e1pia - Melind\u00e1val Kit\u00e1rul a Vil\u00e1g\",\"isPartOf\":{\"@id\":\"https:\\\/\\\/kitarulavilag.hu\\\/#website\"},\"primaryImageOfPage\":{\"@id\":\"https:\\\/\\\/kitarulavilag.hu\\\/szenzoros-integracios-terapia\\\/#primaryimage\"},\"image\":{\"@id\":\"https:\\\/\\\/kitarulavilag.hu\\\/szenzoros-integracios-terapia\\\/#primaryimage\"},\"thumbnailUrl\":\"https:\\\/\\\/kitarulavilag.hu\\\/wp-content\\\/uploads\\\/2021\\\/06\\\/Szenzoros-integracio-1.jpg\",\"datePublished\":\"2021-06-25T12:45:35+00:00\",\"dateModified\":\"2022-02-04T11:36:48+00:00\",\"description\":\"A szenzoros integr\u00e1ci\u00f3s ter\u00e1pi\u00e1k (Alapoz\u00f3 Ter\u00e1pia, TSMT, DSzIT, SzIT, stb.) egy t\u0151r\u0151l fakadnak. Ez pedig a Jean Ayres nev\u00e9hez f\u0171z\u0151d\u0151 Szenzoros Integr\u00e1ci\u00f3s Ter\u00e1pia (tov\u00e1bbiakban SzIT).\",\"breadcrumb\":{\"@id\":\"https:\\\/\\\/kitarulavilag.hu\\\/szenzoros-integracios-terapia\\\/#breadcrumb\"},\"inLanguage\":\"de-DE\",\"potentialAction\":[{\"@type\":\"ReadAction\",\"target\":[\"https:\\\/\\\/kitarulavilag.hu\\\/szenzoros-integracios-terapia\\\/\"]}]},{\"@type\":\"ImageObject\",\"inLanguage\":\"de-DE\",\"@id\":\"https:\\\/\\\/kitarulavilag.hu\\\/szenzoros-integracios-terapia\\\/#primaryimage\",\"url\":\"https:\\\/\\\/kitarulavilag.hu\\\/wp-content\\\/uploads\\\/2021\\\/06\\\/Szenzoros-integracio-1.jpg\",\"contentUrl\":\"https:\\\/\\\/kitarulavilag.hu\\\/wp-content\\\/uploads\\\/2021\\\/06\\\/Szenzoros-integracio-1.jpg\",\"width\":900,\"height\":600},{\"@type\":\"BreadcrumbList\",\"@id\":\"https:\\\/\\\/kitarulavilag.hu\\\/szenzoros-integracios-terapia\\\/#breadcrumb\",\"itemListElement\":[{\"@type\":\"ListItem\",\"position\":1,\"name\":\"Kezd\u0151lap\",\"item\":\"https:\\\/\\\/kitarulavilag.hu\\\/\"},{\"@type\":\"ListItem\",\"position\":2,\"name\":\"Szenzoros integr\u00e1ci\u00f3s ter\u00e1pia\"}]},{\"@type\":\"WebSite\",\"@id\":\"https:\\\/\\\/kitarulavilag.hu\\\/#website\",\"url\":\"https:\\\/\\\/kitarulavilag.hu\\\/\",\"name\":\"Melind\u00e1val Kit\u00e1rul a Vil\u00e1g\",\"description\":\"Fejleszt\u0151 K\u00f6zpont\",\"publisher\":{\"@id\":\"https:\\\/\\\/kitarulavilag.hu\\\/#organization\"},\"potentialAction\":[{\"@type\":\"SearchAction\",\"target\":{\"@type\":\"EntryPoint\",\"urlTemplate\":\"https:\\\/\\\/kitarulavilag.hu\\\/?s={search_term_string}\"},\"query-input\":{\"@type\":\"PropertyValueSpecification\",\"valueRequired\":true,\"valueName\":\"search_term_string\"}}],\"inLanguage\":\"de-DE\"},{\"@type\":\"Organization\",\"@id\":\"https:\\\/\\\/kitarulavilag.hu\\\/#organization\",\"name\":\"Kit\u00e1rul a Vil\u00e1g Fejleszt\u0151 K\u00f6zpont\",\"url\":\"https:\\\/\\\/kitarulavilag.hu\\\/\",\"logo\":{\"@type\":\"ImageObject\",\"inLanguage\":\"de-DE\",\"@id\":\"https:\\\/\\\/kitarulavilag.hu\\\/#\\\/schema\\\/logo\\\/image\\\/\",\"url\":\"http:\\\/\\\/kitarulavilag.hu\\\/wp-content\\\/uploads\\\/2021\\\/06\\\/cropped-Kitarul_a_vilag_logo-1.png\",\"contentUrl\":\"http:\\\/\\\/kitarulavilag.hu\\\/wp-content\\\/uploads\\\/2021\\\/06\\\/cropped-Kitarul_a_vilag_logo-1.png\",\"width\":512,\"height\":512,\"caption\":\"Kit\u00e1rul a Vil\u00e1g Fejleszt\u0151 K\u00f6zpont\"},\"image\":{\"@id\":\"https:\\\/\\\/kitarulavilag.hu\\\/#\\\/schema\\\/logo\\\/image\\\/\"},\"sameAs\":[\"https:\\\/\\\/www.facebook.com\\\/kitarulavilag\"]}]}<\/script>\n<!-- \/ Yoast SEO plugin. -->","yoast_head_json":{"title":"Szenzoros integr\u00e1ci\u00f3s ter\u00e1pia - Melind\u00e1val Kit\u00e1rul a Vil\u00e1g","description":"A szenzoros integr\u00e1ci\u00f3s ter\u00e1pi\u00e1k (Alapoz\u00f3 Ter\u00e1pia, TSMT, DSzIT, SzIT, stb.) egy t\u0151r\u0151l fakadnak. Ez pedig a Jean Ayres nev\u00e9hez f\u0171z\u0151d\u0151 Szenzoros Integr\u00e1ci\u00f3s Ter\u00e1pia (tov\u00e1bbiakban SzIT).","robots":{"index":"index","follow":"follow","max-snippet":"max-snippet:-1","max-image-preview":"max-image-preview:large","max-video-preview":"max-video-preview:-1"},"canonical":"https:\/\/kitarulavilag.hu\/de\/szenzoros-integracios-terapia\/","og_locale":"de_DE","og_type":"article","og_title":"Szenzoros integr\u00e1ci\u00f3s ter\u00e1pia - Melind\u00e1val Kit\u00e1rul a Vil\u00e1g","og_description":"A szenzoros integr\u00e1ci\u00f3s ter\u00e1pi\u00e1k (Alapoz\u00f3 Ter\u00e1pia, TSMT, DSzIT, SzIT, stb.) egy t\u0151r\u0151l fakadnak. Ez pedig a Jean Ayres nev\u00e9hez f\u0171z\u0151d\u0151 Szenzoros Integr\u00e1ci\u00f3s Ter\u00e1pia (tov\u00e1bbiakban SzIT).","og_url":"https:\/\/kitarulavilag.hu\/de\/szenzoros-integracios-terapia\/","og_site_name":"Melind\u00e1val Kit\u00e1rul a Vil\u00e1g","article_publisher":"https:\/\/www.facebook.com\/kitarulavilag","article_modified_time":"2022-02-04T11:36:48+00:00","og_image":[{"width":900,"height":600,"url":"https:\/\/kitarulavilag.hu\/wp-content\/uploads\/2021\/06\/Szenzoros-integracio-1.jpg","type":"image\/jpeg"}],"twitter_card":"summary_large_image","twitter_misc":{"Gesch\u00e4tzte Lesezeit":"3\u00a0Minuten"},"schema":{"@context":"https:\/\/schema.org","@graph":[{"@type":"WebPage","@id":"https:\/\/kitarulavilag.hu\/szenzoros-integracios-terapia\/","url":"https:\/\/kitarulavilag.hu\/szenzoros-integracios-terapia\/","name":"Szenzoros integr\u00e1ci\u00f3s ter\u00e1pia - Melind\u00e1val Kit\u00e1rul a Vil\u00e1g","isPartOf":{"@id":"https:\/\/kitarulavilag.hu\/#website"},"primaryImageOfPage":{"@id":"https:\/\/kitarulavilag.hu\/szenzoros-integracios-terapia\/#primaryimage"},"image":{"@id":"https:\/\/kitarulavilag.hu\/szenzoros-integracios-terapia\/#primaryimage"},"thumbnailUrl":"https:\/\/kitarulavilag.hu\/wp-content\/uploads\/2021\/06\/Szenzoros-integracio-1.jpg","datePublished":"2021-06-25T12:45:35+00:00","dateModified":"2022-02-04T11:36:48+00:00","description":"A szenzoros integr\u00e1ci\u00f3s ter\u00e1pi\u00e1k (Alapoz\u00f3 Ter\u00e1pia, TSMT, DSzIT, SzIT, stb.) egy t\u0151r\u0151l fakadnak. Ez pedig a Jean Ayres nev\u00e9hez f\u0171z\u0151d\u0151 Szenzoros Integr\u00e1ci\u00f3s Ter\u00e1pia (tov\u00e1bbiakban SzIT).","breadcrumb":{"@id":"https:\/\/kitarulavilag.hu\/szenzoros-integracios-terapia\/#breadcrumb"},"inLanguage":"de-DE","potentialAction":[{"@type":"ReadAction","target":["https:\/\/kitarulavilag.hu\/szenzoros-integracios-terapia\/"]}]},{"@type":"ImageObject","inLanguage":"de-DE","@id":"https:\/\/kitarulavilag.hu\/szenzoros-integracios-terapia\/#primaryimage","url":"https:\/\/kitarulavilag.hu\/wp-content\/uploads\/2021\/06\/Szenzoros-integracio-1.jpg","contentUrl":"https:\/\/kitarulavilag.hu\/wp-content\/uploads\/2021\/06\/Szenzoros-integracio-1.jpg","width":900,"height":600},{"@type":"BreadcrumbList","@id":"https:\/\/kitarulavilag.hu\/szenzoros-integracios-terapia\/#breadcrumb","itemListElement":[{"@type":"ListItem","position":1,"name":"Kezd\u0151lap","item":"https:\/\/kitarulavilag.hu\/"},{"@type":"ListItem","position":2,"name":"Szenzoros integr\u00e1ci\u00f3s ter\u00e1pia"}]},{"@type":"WebSite","@id":"https:\/\/kitarulavilag.hu\/#website","url":"https:\/\/kitarulavilag.hu\/","name":"Melind\u00e1val Kit\u00e1rul a Vil\u00e1g","description":"Fejleszt\u0151 K\u00f6zpont","publisher":{"@id":"https:\/\/kitarulavilag.hu\/#organization"},"potentialAction":[{"@type":"SearchAction","target":{"@type":"EntryPoint","urlTemplate":"https:\/\/kitarulavilag.hu\/?s={search_term_string}"},"query-input":{"@type":"PropertyValueSpecification","valueRequired":true,"valueName":"search_term_string"}}],"inLanguage":"de-DE"},{"@type":"Organization","@id":"https:\/\/kitarulavilag.hu\/#organization","name":"Kit\u00e1rul a Vil\u00e1g Fejleszt\u0151 K\u00f6zpont","url":"https:\/\/kitarulavilag.hu\/","logo":{"@type":"ImageObject","inLanguage":"de-DE","@id":"https:\/\/kitarulavilag.hu\/#\/schema\/logo\/image\/","url":"http:\/\/kitarulavilag.hu\/wp-content\/uploads\/2021\/06\/cropped-Kitarul_a_vilag_logo-1.png","contentUrl":"http:\/\/kitarulavilag.hu\/wp-content\/uploads\/2021\/06\/cropped-Kitarul_a_vilag_logo-1.png","width":512,"height":512,"caption":"Kit\u00e1rul a Vil\u00e1g Fejleszt\u0151 K\u00f6zpont"},"image":{"@id":"https:\/\/kitarulavilag.hu\/#\/schema\/logo\/image\/"},"sameAs":["https:\/\/www.facebook.com\/kitarulavilag"]}]}},"jetpack_sharing_enabled":true,"_links":{"self":[{"href":"https:\/\/kitarulavilag.hu\/de\/wp-json\/wp\/v2\/pages\/262","targetHints":{"allow":["GET"]}}],"collection":[{"href":"https:\/\/kitarulavilag.hu\/de\/wp-json\/wp\/v2\/pages"}],"about":[{"href":"https:\/\/kitarulavilag.hu\/de\/wp-json\/wp\/v2\/types\/page"}],"author":[{"embeddable":true,"href":"https:\/\/kitarulavilag.hu\/de\/wp-json\/wp\/v2\/users\/2"}],"replies":[{"embeddable":true,"href":"https:\/\/kitarulavilag.hu\/de\/wp-json\/wp\/v2\/comments?post=262"}],"version-history":[{"count":4,"href":"https:\/\/kitarulavilag.hu\/de\/wp-json\/wp\/v2\/pages\/262\/revisions"}],"predecessor-version":[{"id":507,"href":"https:\/\/kitarulavilag.hu\/de\/wp-json\/wp\/v2\/pages\/262\/revisions\/507"}],"wp:featuredmedia":[{"embeddable":true,"href":"https:\/\/kitarulavilag.hu\/de\/wp-json\/wp\/v2\/media\/460"}],"wp:attachment":[{"href":"https:\/\/kitarulavilag.hu\/de\/wp-json\/wp\/v2\/media?parent=262"}],"curies":[{"name":"wp","href":"https:\/\/api.w.org\/{rel}","templated":true}]}}