{"id":127,"date":"2021-06-25T10:25:13","date_gmt":"2021-06-25T10:25:13","guid":{"rendered":"http:\/\/kitarulavilag.hu\/?page_id=127"},"modified":"2021-06-27T12:27:04","modified_gmt":"2021-06-27T12:27:04","slug":"ertelmileg-akadalyozott-gyermekek-fejlesztese","status":"publish","type":"page","link":"https:\/\/kitarulavilag.hu\/de\/ertelmileg-akadalyozott-gyermekek-fejlesztese\/","title":{"rendered":"\u00c9rtelmileg akad\u00e1lyozott gyermekek fejleszt\u00e9se"},"content":{"rendered":"<p>[et_pb_section fb_built=&#8220;1&#8243; _builder_version=&#8220;4.8.2&#8243; _module_preset=&#8220;default&#8220;][et_pb_row _builder_version=&#8220;4.9.4&#8243; _module_preset=&#8220;default&#8220;][et_pb_column type=&#8220;4_4&#8243; _builder_version=&#8220;4.9.4&#8243; _module_preset=&#8220;default&#8220;][et_pb_text _builder_version=&#8220;4.9.4&#8243; _module_preset=&#8220;default&#8220; header_2_text_align=&#8220;center&#8220;]<\/p>\n<h2>\u00c9rtelmileg akad\u00e1lyozott gyermekek fejleszt\u00e9se<\/h2>\n<p>[\/et_pb_text][\/et_pb_column][\/et_pb_row][et_pb_row column_structure=&#8220;3_5,2_5&#8243; _builder_version=&#8220;4.9.4&#8243; _module_preset=&#8220;default&#8220;][et_pb_column type=&#8220;3_5&#8243; _builder_version=&#8220;4.9.4&#8243; _module_preset=&#8220;default&#8220;][et_pb_text _builder_version=&#8220;4.9.4&#8243; _module_preset=&#8220;default&#8220;]<\/p>\n<p>Fejleszt\u0151h\u00e1zunkban v\u00e1rjuk az \u00e9rtelmi akad\u00e1lyozotts\u00e1gban \u00e9rintett, m\u00e1s n\u00e9ven intellektu\u00e1lis k\u00e9pess\u00e9gzavarral \u00e9l\u0151 gyermekeket is. Azokat a gyermekeket h\u00edvjuk \u00e9rtelmileg akad\u00e1lyozottnak, akiknek az intellektu\u00e1lis, \u00e9rtelmi k\u00e9pess\u00e9gei elmaradnak kort\u00e1rsaik \u00e1tlag\u00e1t\u00f3l, illetve az adapt\u00edv viselked\u00e9s\u00fck, azaz a v\u00e1ltoz\u00f3 vil\u00e1ghoz val\u00f3 alkalmazkod\u00e1s k\u00e9pess\u00e9ge is min\u0151s\u00e9gi elt\u00e9r\u00e9st mutat a vel\u00fck egykor\u00fa gyermekek\u00e9hez k\u00e9pest. \u00c9ppen ez\u00e9rt az intellektu\u00e1lis k\u00e9pess\u00e9gzavar meg\u00e1llap\u00edt\u00e1sa komplex pszichol\u00f3giai \u00e9s pedag\u00f3giai diagnosztika eredm\u00e9nye kell, hogy legyen.<\/p>\n<p>[\/et_pb_text][et_pb_text _builder_version=&#8220;4.9.4&#8243; _module_preset=&#8220;default&#8220;]<\/p>\n<p>A fejleszt\u00e9sre \u00e9rkez\u0151 gyermekekkel az els\u0151 alkalom a megismerked\u00e9sre szolg\u00e1l, a gy\u00f3gypedag\u00f3gus megfigyeli a gyermek j\u00e1t\u00e9ktev\u00e9kenys\u00e9g\u00e9t, spont\u00e1n reakci\u00f3it, kommunik\u00e1ci\u00f3j\u00e1t, \u00f6nell\u00e1t\u00e1si tev\u00e9kenys\u00e9geit. A sz\u00fcl\u0151vel is zajlik ilyenkor egy besz\u00e9lget\u00e9s, kijel\u00f6lj\u00fck a fejleszt\u00e9s f\u0151bb c\u00e9ljait, a sz\u00fcl\u0151k \u00e9s a csal\u00e1d ig\u00e9nyeinek figyelembev\u00e9tel\u00e9vel, szakmai szempontok mellett.<\/p>\n<p>A kognit\u00edv k\u00e9pess\u00e9gek fejleszt\u00e9se a kisgyermekek eset\u00e9n j\u00e1t\u00e9kos form\u00e1ban t\u00f6rt\u00e9nik, mivel a korai \u00e9letkorban ez az els\u0151dleges tev\u00e9kenys\u00e9g, amelyben a fejl\u0151d\u00e9s kibontakozik. Iskol\u00e1skorban is megmarad a j\u00e1t\u00e9kba \u00e1gyazotts\u00e1g, de fokozatosan egyre t\u00f6bb a feladathelyzet is. A fejleszt\u00e9s f\u0151bb ter\u00fcletei a j\u00e1t\u00e9ktev\u00e9kenys\u00e9g sz\u00ednes\u00edt\u00e9se, \u00e9rz\u00e9kel\u00e9s-\u00e9szlel\u00e9s fejleszt\u00e9se, kommunik\u00e1ci\u00f3s \u00e9s szoci\u00e1lis k\u00e9pess\u00e9gek fejleszt\u00e9se, k\u00e9s\u0151bb pedig egyre nagyobb hangs\u00falyt kap a figyelem, koncentr\u00e1ci\u00f3, feladattudat fejleszt\u00e9se \u2013 ezek az iskol\u00e1s \u00e9letre val\u00f3 felk\u00e9sz\u00fcl\u00e9st, \u00e9s az iskol\u00e1ban val\u00f3 helyt\u00e1ll\u00e1st seg\u00edtik el\u0151. B\u00e1r els\u0151dleges a kognit\u00edv, azaz a vil\u00e1g megismer\u00e9s\u00e9t szolg\u00e1l\u00f3 k\u00e9pess\u00e9gek fejleszt\u00e9se, sosem szabad az egyes fejl\u0151d\u00e9si ter\u00fcletekre izol\u00e1ltan tekinteni. A fejleszt\u00e9s minden esetben komplex keretben t\u00f6rt\u00e9nik: p\u00e9ld\u00e1ul mozg\u00e1ssal kapcsolt tev\u00e9kenyked\u00e9s form\u00e1j\u00e1ban, de komoly hangs\u00falyt helyez\u00fcnk a team munk\u00e1ra is: ez egy\u00e9b fejleszt\u0151 szakemberekkel \u00e9s a sz\u00fcl\u0151kkel t\u00f6rt\u00e9n\u0151 p\u00e1rbesz\u00e9dre, egy\u00fcttm\u0171k\u00f6d\u00e9sre. \u00cdgy az egy\u00e9ni fejleszt\u00e9sek alkalm\u00e1val f\u0151k\u00e9nt a kisebb gyermekek eset\u00e9ben, a sz\u00fcl\u0151k is r\u00e9szt vesznek a foglalkoz\u00e1sokon, szoros kapcsolatban vannak a gyermek gy\u00f3gypedag\u00f3gus\u00e1val, hiszen a c\u00e9l v\u00e9gs\u0151 soron az, hogy a fejleszt\u00e9s sor\u00e1n elsaj\u00e1t\u00edtott k\u00e9pess\u00e9geket \u00e9s k\u00e9szs\u00e9geket a gyermekek a mindennapjaik sor\u00e1n, otthon \u00e9s a k\u00f6z\u00f6ss\u00e9gben (\u00f3voda, iskola) is alkalmazni tudj\u00e1k.<\/p>\n<p><strong>Jaczkovitsn\u00e9 Kir\u00e1ly Lili<\/strong><br \/>gy\u00f3gypedag\u00f3gus &#8211; \u00e9rtelmileg akad\u00e1lyozottak pedag\u00f3gi\u00e1ja, szomatopedag\u00f3gia<\/p>\n<p>[\/et_pb_text][\/et_pb_column][et_pb_column type=&#8220;2_5&#8243; _builder_version=&#8220;4.9.4&#8243; _module_preset=&#8220;default&#8220;][et_pb_image src=&#8220;http:\/\/kitarulavilag.hu\/wp-content\/uploads\/2021\/06\/Ertelmileg-akadalyozott.jpg&#8220; title_text=&#8220;Ertelmileg-akadalyozott&#8220; _builder_version=&#8220;4.9.4&#8243; _module_preset=&#8220;default&#8220;][\/et_pb_image][et_pb_image src=&#8220;http:\/\/kitarulavilag.hu\/wp-content\/uploads\/2021\/06\/IMG_20200401_095522.jpg&#8220; title_text=&#8220;IMG_20200401_095522&#8243; _builder_version=&#8220;4.9.4&#8243; _module_preset=&#8220;default&#8220;][\/et_pb_image][\/et_pb_column][\/et_pb_row][et_pb_row _builder_version=&#8220;4.8.2&#8243; _module_preset=&#8220;default&#8220;][et_pb_column type=&#8220;4_4&#8243; _builder_version=&#8220;4.8.2&#8243; _module_preset=&#8220;default&#8220;][et_pb_button button_url=&#8220;@ET-DC@eyJkeW5hbWljIjp0cnVlLCJjb250ZW50IjoicG9zdF9saW5rX3VybF9wYWdlIiwic2V0dGluZ3MiOnsicG9zdF9pZCI6IjIwNSJ9fQ==@&#8220; button_text=&#8220;Vissza&#8220; button_alignment=&#8220;center&#8220; _builder_version=&#8220;4.9.7&#8243; _dynamic_attributes=&#8220;button_url&#8220; _module_preset=&#8220;default&#8220;][\/et_pb_button][\/et_pb_column][\/et_pb_row][\/et_pb_section]<\/p>\n","protected":false},"excerpt":{"rendered":"<p>\u00c9rtelmileg akad\u00e1lyozott gyermekek fejleszt\u00e9seFejleszt\u0151h\u00e1zunkban v\u00e1rjuk az \u00e9rtelmi akad\u00e1lyozotts\u00e1gban \u00e9rintett, m\u00e1s n\u00e9ven intellektu\u00e1lis k\u00e9pess\u00e9gzavarral \u00e9l\u0151 gyermekeket is. Azokat a gyermekeket h\u00edvjuk \u00e9rtelmileg akad\u00e1lyozottnak, akiknek az intellektu\u00e1lis, \u00e9rtelmi k\u00e9pess\u00e9gei elmaradnak kort\u00e1rsaik \u00e1tlag\u00e1t\u00f3l, illetve az adapt\u00edv viselked\u00e9s\u00fck, azaz a v\u00e1ltoz\u00f3 vil\u00e1ghoz val\u00f3 alkalmazkod\u00e1s k\u00e9pess\u00e9ge is min\u0151s\u00e9gi elt\u00e9r\u00e9st mutat a vel\u00fck egykor\u00fa gyermekek\u00e9hez k\u00e9pest. \u00c9ppen ez\u00e9rt az intellektu\u00e1lis k\u00e9pess\u00e9gzavar [&hellip;]<\/p>\n","protected":false},"author":2,"featured_media":413,"parent":0,"menu_order":0,"comment_status":"closed","ping_status":"closed","template":"","meta":{"_et_pb_use_builder":"on","_et_pb_old_content":"","_et_gb_content_width":"","footnotes":""},"class_list":["post-127","page","type-page","status-publish","has-post-thumbnail","hentry"],"yoast_head":"<!-- This site is optimized with the Yoast SEO plugin v27.4 - https:\/\/yoast.com\/product\/yoast-seo-wordpress\/ -->\n<title>\u00c9rtelmileg akad\u00e1lyozott gyermekek fejleszt\u00e9se - Melind\u00e1val Kit\u00e1rul a Vil\u00e1g<\/title>\n<meta name=\"description\" content=\"Fejleszt\u0151h\u00e1zunkban v\u00e1rjuk az \u00e9rtelmi akad\u00e1lyozotts\u00e1gban \u00e9rintett, m\u00e1s n\u00e9ven intellektu\u00e1lis k\u00e9pess\u00e9gzavarral \u00e9l\u0151 gyermekeket is. Azokat a gyermekeket h\u00edvjuk \u00e9rtelmileg akad\u00e1lyozottnak, akiknek az intellektu\u00e1lis, \u00e9rtelmi k\u00e9pess\u00e9gei elmaradnak kort\u00e1rsaik \u00e1tlag\u00e1t\u00f3l, illetve az adapt\u00edv viselked\u00e9s\u00fck, azaz a v\u00e1ltoz\u00f3 vil\u00e1ghoz val\u00f3 alkalmazkod\u00e1s k\u00e9pess\u00e9ge is min\u0151s\u00e9gi elt\u00e9r\u00e9st mutat a vel\u00fck egykor\u00fa gyermekek\u00e9hez k\u00e9pest. \u00c9ppen ez\u00e9rt az intellektu\u00e1lis k\u00e9pess\u00e9gzavar meg\u00e1llap\u00edt\u00e1sa komplex pszichol\u00f3giai \u00e9s pedag\u00f3giai diagnosztika eredm\u00e9nye kell, hogy legyen.\" \/>\n<meta name=\"robots\" content=\"index, follow, max-snippet:-1, max-image-preview:large, max-video-preview:-1\" \/>\n<link rel=\"canonical\" href=\"https:\/\/kitarulavilag.hu\/de\/ertelmileg-akadalyozott-gyermekek-fejlesztese\/\" \/>\n<meta property=\"og:locale\" content=\"de_DE\" \/>\n<meta property=\"og:locale:alternate\" content=\"hu_HU\" \/>\n<meta property=\"og:type\" content=\"article\" \/>\n<meta property=\"og:title\" content=\"\u00c9rtelmileg akad\u00e1lyozott gyermekek fejleszt\u00e9se - Melind\u00e1val Kit\u00e1rul a Vil\u00e1g\" \/>\n<meta property=\"og:description\" content=\"Fejleszt\u0151h\u00e1zunkban v\u00e1rjuk az \u00e9rtelmi akad\u00e1lyozotts\u00e1gban \u00e9rintett, m\u00e1s n\u00e9ven intellektu\u00e1lis k\u00e9pess\u00e9gzavarral \u00e9l\u0151 gyermekeket is. Azokat a gyermekeket h\u00edvjuk \u00e9rtelmileg akad\u00e1lyozottnak, akiknek az intellektu\u00e1lis, \u00e9rtelmi k\u00e9pess\u00e9gei elmaradnak kort\u00e1rsaik \u00e1tlag\u00e1t\u00f3l, illetve az adapt\u00edv viselked\u00e9s\u00fck, azaz a v\u00e1ltoz\u00f3 vil\u00e1ghoz val\u00f3 alkalmazkod\u00e1s k\u00e9pess\u00e9ge is min\u0151s\u00e9gi elt\u00e9r\u00e9st mutat a vel\u00fck egykor\u00fa gyermekek\u00e9hez k\u00e9pest. \u00c9ppen ez\u00e9rt az intellektu\u00e1lis k\u00e9pess\u00e9gzavar meg\u00e1llap\u00edt\u00e1sa komplex pszichol\u00f3giai \u00e9s pedag\u00f3giai diagnosztika eredm\u00e9nye kell, hogy legyen.\" \/>\n<meta property=\"og:url\" content=\"https:\/\/kitarulavilag.hu\/de\/ertelmileg-akadalyozott-gyermekek-fejlesztese\/\" \/>\n<meta property=\"og:site_name\" content=\"Melind\u00e1val Kit\u00e1rul a Vil\u00e1g\" \/>\n<meta property=\"article:publisher\" content=\"https:\/\/www.facebook.com\/kitarulavilag\" \/>\n<meta property=\"article:modified_time\" content=\"2021-06-27T12:27:04+00:00\" \/>\n<meta property=\"og:image\" content=\"https:\/\/kitarulavilag.hu\/wp-content\/uploads\/2021\/06\/Ertelmileg-akadalyozott-2.jpg\" \/>\n\t<meta property=\"og:image:width\" content=\"900\" \/>\n\t<meta property=\"og:image:height\" content=\"600\" \/>\n\t<meta property=\"og:image:type\" content=\"image\/jpeg\" \/>\n<meta name=\"twitter:card\" content=\"summary_large_image\" \/>\n<meta name=\"twitter:label1\" content=\"Gesch\u00e4tzte Lesezeit\" \/>\n\t<meta name=\"twitter:data1\" content=\"4\u00a0Minuten\" \/>\n<script type=\"application\/ld+json\" class=\"yoast-schema-graph\">{\"@context\":\"https:\\\/\\\/schema.org\",\"@graph\":[{\"@type\":\"WebPage\",\"@id\":\"https:\\\/\\\/kitarulavilag.hu\\\/ertelmileg-akadalyozott-gyermekek-fejlesztese\\\/\",\"url\":\"https:\\\/\\\/kitarulavilag.hu\\\/ertelmileg-akadalyozott-gyermekek-fejlesztese\\\/\",\"name\":\"\u00c9rtelmileg akad\u00e1lyozott gyermekek fejleszt\u00e9se - Melind\u00e1val Kit\u00e1rul a Vil\u00e1g\",\"isPartOf\":{\"@id\":\"https:\\\/\\\/kitarulavilag.hu\\\/#website\"},\"primaryImageOfPage\":{\"@id\":\"https:\\\/\\\/kitarulavilag.hu\\\/ertelmileg-akadalyozott-gyermekek-fejlesztese\\\/#primaryimage\"},\"image\":{\"@id\":\"https:\\\/\\\/kitarulavilag.hu\\\/ertelmileg-akadalyozott-gyermekek-fejlesztese\\\/#primaryimage\"},\"thumbnailUrl\":\"https:\\\/\\\/kitarulavilag.hu\\\/wp-content\\\/uploads\\\/2021\\\/06\\\/Ertelmileg-akadalyozott-2.jpg\",\"datePublished\":\"2021-06-25T10:25:13+00:00\",\"dateModified\":\"2021-06-27T12:27:04+00:00\",\"description\":\"Fejleszt\u0151h\u00e1zunkban v\u00e1rjuk az \u00e9rtelmi akad\u00e1lyozotts\u00e1gban \u00e9rintett, m\u00e1s n\u00e9ven intellektu\u00e1lis k\u00e9pess\u00e9gzavarral \u00e9l\u0151 gyermekeket is. Azokat a gyermekeket h\u00edvjuk \u00e9rtelmileg akad\u00e1lyozottnak, akiknek az intellektu\u00e1lis, \u00e9rtelmi k\u00e9pess\u00e9gei elmaradnak kort\u00e1rsaik \u00e1tlag\u00e1t\u00f3l, illetve az adapt\u00edv viselked\u00e9s\u00fck, azaz a v\u00e1ltoz\u00f3 vil\u00e1ghoz val\u00f3 alkalmazkod\u00e1s k\u00e9pess\u00e9ge is min\u0151s\u00e9gi elt\u00e9r\u00e9st mutat a vel\u00fck egykor\u00fa gyermekek\u00e9hez k\u00e9pest. \u00c9ppen ez\u00e9rt az intellektu\u00e1lis k\u00e9pess\u00e9gzavar meg\u00e1llap\u00edt\u00e1sa komplex pszichol\u00f3giai \u00e9s pedag\u00f3giai diagnosztika eredm\u00e9nye kell, hogy legyen.\",\"breadcrumb\":{\"@id\":\"https:\\\/\\\/kitarulavilag.hu\\\/ertelmileg-akadalyozott-gyermekek-fejlesztese\\\/#breadcrumb\"},\"inLanguage\":\"de-DE\",\"potentialAction\":[{\"@type\":\"ReadAction\",\"target\":[\"https:\\\/\\\/kitarulavilag.hu\\\/ertelmileg-akadalyozott-gyermekek-fejlesztese\\\/\"]}]},{\"@type\":\"ImageObject\",\"inLanguage\":\"de-DE\",\"@id\":\"https:\\\/\\\/kitarulavilag.hu\\\/ertelmileg-akadalyozott-gyermekek-fejlesztese\\\/#primaryimage\",\"url\":\"https:\\\/\\\/kitarulavilag.hu\\\/wp-content\\\/uploads\\\/2021\\\/06\\\/Ertelmileg-akadalyozott-2.jpg\",\"contentUrl\":\"https:\\\/\\\/kitarulavilag.hu\\\/wp-content\\\/uploads\\\/2021\\\/06\\\/Ertelmileg-akadalyozott-2.jpg\",\"width\":900,\"height\":600},{\"@type\":\"BreadcrumbList\",\"@id\":\"https:\\\/\\\/kitarulavilag.hu\\\/ertelmileg-akadalyozott-gyermekek-fejlesztese\\\/#breadcrumb\",\"itemListElement\":[{\"@type\":\"ListItem\",\"position\":1,\"name\":\"Kezd\u0151lap\",\"item\":\"https:\\\/\\\/kitarulavilag.hu\\\/\"},{\"@type\":\"ListItem\",\"position\":2,\"name\":\"\u00c9rtelmileg akad\u00e1lyozott gyermekek fejleszt\u00e9se\"}]},{\"@type\":\"WebSite\",\"@id\":\"https:\\\/\\\/kitarulavilag.hu\\\/#website\",\"url\":\"https:\\\/\\\/kitarulavilag.hu\\\/\",\"name\":\"Melind\u00e1val Kit\u00e1rul a Vil\u00e1g\",\"description\":\"Fejleszt\u0151 K\u00f6zpont\",\"publisher\":{\"@id\":\"https:\\\/\\\/kitarulavilag.hu\\\/#organization\"},\"potentialAction\":[{\"@type\":\"SearchAction\",\"target\":{\"@type\":\"EntryPoint\",\"urlTemplate\":\"https:\\\/\\\/kitarulavilag.hu\\\/?s={search_term_string}\"},\"query-input\":{\"@type\":\"PropertyValueSpecification\",\"valueRequired\":true,\"valueName\":\"search_term_string\"}}],\"inLanguage\":\"de-DE\"},{\"@type\":\"Organization\",\"@id\":\"https:\\\/\\\/kitarulavilag.hu\\\/#organization\",\"name\":\"Kit\u00e1rul a Vil\u00e1g Fejleszt\u0151 K\u00f6zpont\",\"url\":\"https:\\\/\\\/kitarulavilag.hu\\\/\",\"logo\":{\"@type\":\"ImageObject\",\"inLanguage\":\"de-DE\",\"@id\":\"https:\\\/\\\/kitarulavilag.hu\\\/#\\\/schema\\\/logo\\\/image\\\/\",\"url\":\"http:\\\/\\\/kitarulavilag.hu\\\/wp-content\\\/uploads\\\/2021\\\/06\\\/cropped-Kitarul_a_vilag_logo-1.png\",\"contentUrl\":\"http:\\\/\\\/kitarulavilag.hu\\\/wp-content\\\/uploads\\\/2021\\\/06\\\/cropped-Kitarul_a_vilag_logo-1.png\",\"width\":512,\"height\":512,\"caption\":\"Kit\u00e1rul a Vil\u00e1g Fejleszt\u0151 K\u00f6zpont\"},\"image\":{\"@id\":\"https:\\\/\\\/kitarulavilag.hu\\\/#\\\/schema\\\/logo\\\/image\\\/\"},\"sameAs\":[\"https:\\\/\\\/www.facebook.com\\\/kitarulavilag\"]}]}<\/script>\n<!-- \/ Yoast SEO plugin. -->","yoast_head_json":{"title":"\u00c9rtelmileg akad\u00e1lyozott gyermekek fejleszt\u00e9se - Melind\u00e1val Kit\u00e1rul a Vil\u00e1g","description":"Fejleszt\u0151h\u00e1zunkban v\u00e1rjuk az \u00e9rtelmi akad\u00e1lyozotts\u00e1gban \u00e9rintett, m\u00e1s n\u00e9ven intellektu\u00e1lis k\u00e9pess\u00e9gzavarral \u00e9l\u0151 gyermekeket is. Azokat a gyermekeket h\u00edvjuk \u00e9rtelmileg akad\u00e1lyozottnak, akiknek az intellektu\u00e1lis, \u00e9rtelmi k\u00e9pess\u00e9gei elmaradnak kort\u00e1rsaik \u00e1tlag\u00e1t\u00f3l, illetve az adapt\u00edv viselked\u00e9s\u00fck, azaz a v\u00e1ltoz\u00f3 vil\u00e1ghoz val\u00f3 alkalmazkod\u00e1s k\u00e9pess\u00e9ge is min\u0151s\u00e9gi elt\u00e9r\u00e9st mutat a vel\u00fck egykor\u00fa gyermekek\u00e9hez k\u00e9pest. \u00c9ppen ez\u00e9rt az intellektu\u00e1lis k\u00e9pess\u00e9gzavar meg\u00e1llap\u00edt\u00e1sa komplex pszichol\u00f3giai \u00e9s pedag\u00f3giai diagnosztika eredm\u00e9nye kell, hogy legyen.","robots":{"index":"index","follow":"follow","max-snippet":"max-snippet:-1","max-image-preview":"max-image-preview:large","max-video-preview":"max-video-preview:-1"},"canonical":"https:\/\/kitarulavilag.hu\/de\/ertelmileg-akadalyozott-gyermekek-fejlesztese\/","og_locale":"de_DE","og_type":"article","og_title":"\u00c9rtelmileg akad\u00e1lyozott gyermekek fejleszt\u00e9se - Melind\u00e1val Kit\u00e1rul a Vil\u00e1g","og_description":"Fejleszt\u0151h\u00e1zunkban v\u00e1rjuk az \u00e9rtelmi akad\u00e1lyozotts\u00e1gban \u00e9rintett, m\u00e1s n\u00e9ven intellektu\u00e1lis k\u00e9pess\u00e9gzavarral \u00e9l\u0151 gyermekeket is. Azokat a gyermekeket h\u00edvjuk \u00e9rtelmileg akad\u00e1lyozottnak, akiknek az intellektu\u00e1lis, \u00e9rtelmi k\u00e9pess\u00e9gei elmaradnak kort\u00e1rsaik \u00e1tlag\u00e1t\u00f3l, illetve az adapt\u00edv viselked\u00e9s\u00fck, azaz a v\u00e1ltoz\u00f3 vil\u00e1ghoz val\u00f3 alkalmazkod\u00e1s k\u00e9pess\u00e9ge is min\u0151s\u00e9gi elt\u00e9r\u00e9st mutat a vel\u00fck egykor\u00fa gyermekek\u00e9hez k\u00e9pest. \u00c9ppen ez\u00e9rt az intellektu\u00e1lis k\u00e9pess\u00e9gzavar meg\u00e1llap\u00edt\u00e1sa komplex pszichol\u00f3giai \u00e9s pedag\u00f3giai diagnosztika eredm\u00e9nye kell, hogy legyen.","og_url":"https:\/\/kitarulavilag.hu\/de\/ertelmileg-akadalyozott-gyermekek-fejlesztese\/","og_site_name":"Melind\u00e1val Kit\u00e1rul a Vil\u00e1g","article_publisher":"https:\/\/www.facebook.com\/kitarulavilag","article_modified_time":"2021-06-27T12:27:04+00:00","og_image":[{"width":900,"height":600,"url":"https:\/\/kitarulavilag.hu\/wp-content\/uploads\/2021\/06\/Ertelmileg-akadalyozott-2.jpg","type":"image\/jpeg"}],"twitter_card":"summary_large_image","twitter_misc":{"Gesch\u00e4tzte Lesezeit":"4\u00a0Minuten"},"schema":{"@context":"https:\/\/schema.org","@graph":[{"@type":"WebPage","@id":"https:\/\/kitarulavilag.hu\/ertelmileg-akadalyozott-gyermekek-fejlesztese\/","url":"https:\/\/kitarulavilag.hu\/ertelmileg-akadalyozott-gyermekek-fejlesztese\/","name":"\u00c9rtelmileg akad\u00e1lyozott gyermekek fejleszt\u00e9se - Melind\u00e1val Kit\u00e1rul a Vil\u00e1g","isPartOf":{"@id":"https:\/\/kitarulavilag.hu\/#website"},"primaryImageOfPage":{"@id":"https:\/\/kitarulavilag.hu\/ertelmileg-akadalyozott-gyermekek-fejlesztese\/#primaryimage"},"image":{"@id":"https:\/\/kitarulavilag.hu\/ertelmileg-akadalyozott-gyermekek-fejlesztese\/#primaryimage"},"thumbnailUrl":"https:\/\/kitarulavilag.hu\/wp-content\/uploads\/2021\/06\/Ertelmileg-akadalyozott-2.jpg","datePublished":"2021-06-25T10:25:13+00:00","dateModified":"2021-06-27T12:27:04+00:00","description":"Fejleszt\u0151h\u00e1zunkban v\u00e1rjuk az \u00e9rtelmi akad\u00e1lyozotts\u00e1gban \u00e9rintett, m\u00e1s n\u00e9ven intellektu\u00e1lis k\u00e9pess\u00e9gzavarral \u00e9l\u0151 gyermekeket is. Azokat a gyermekeket h\u00edvjuk \u00e9rtelmileg akad\u00e1lyozottnak, akiknek az intellektu\u00e1lis, \u00e9rtelmi k\u00e9pess\u00e9gei elmaradnak kort\u00e1rsaik \u00e1tlag\u00e1t\u00f3l, illetve az adapt\u00edv viselked\u00e9s\u00fck, azaz a v\u00e1ltoz\u00f3 vil\u00e1ghoz val\u00f3 alkalmazkod\u00e1s k\u00e9pess\u00e9ge is min\u0151s\u00e9gi elt\u00e9r\u00e9st mutat a vel\u00fck egykor\u00fa gyermekek\u00e9hez k\u00e9pest. \u00c9ppen ez\u00e9rt az intellektu\u00e1lis k\u00e9pess\u00e9gzavar meg\u00e1llap\u00edt\u00e1sa komplex pszichol\u00f3giai \u00e9s pedag\u00f3giai diagnosztika eredm\u00e9nye kell, hogy legyen.","breadcrumb":{"@id":"https:\/\/kitarulavilag.hu\/ertelmileg-akadalyozott-gyermekek-fejlesztese\/#breadcrumb"},"inLanguage":"de-DE","potentialAction":[{"@type":"ReadAction","target":["https:\/\/kitarulavilag.hu\/ertelmileg-akadalyozott-gyermekek-fejlesztese\/"]}]},{"@type":"ImageObject","inLanguage":"de-DE","@id":"https:\/\/kitarulavilag.hu\/ertelmileg-akadalyozott-gyermekek-fejlesztese\/#primaryimage","url":"https:\/\/kitarulavilag.hu\/wp-content\/uploads\/2021\/06\/Ertelmileg-akadalyozott-2.jpg","contentUrl":"https:\/\/kitarulavilag.hu\/wp-content\/uploads\/2021\/06\/Ertelmileg-akadalyozott-2.jpg","width":900,"height":600},{"@type":"BreadcrumbList","@id":"https:\/\/kitarulavilag.hu\/ertelmileg-akadalyozott-gyermekek-fejlesztese\/#breadcrumb","itemListElement":[{"@type":"ListItem","position":1,"name":"Kezd\u0151lap","item":"https:\/\/kitarulavilag.hu\/"},{"@type":"ListItem","position":2,"name":"\u00c9rtelmileg akad\u00e1lyozott gyermekek fejleszt\u00e9se"}]},{"@type":"WebSite","@id":"https:\/\/kitarulavilag.hu\/#website","url":"https:\/\/kitarulavilag.hu\/","name":"Melind\u00e1val Kit\u00e1rul a Vil\u00e1g","description":"Fejleszt\u0151 K\u00f6zpont","publisher":{"@id":"https:\/\/kitarulavilag.hu\/#organization"},"potentialAction":[{"@type":"SearchAction","target":{"@type":"EntryPoint","urlTemplate":"https:\/\/kitarulavilag.hu\/?s={search_term_string}"},"query-input":{"@type":"PropertyValueSpecification","valueRequired":true,"valueName":"search_term_string"}}],"inLanguage":"de-DE"},{"@type":"Organization","@id":"https:\/\/kitarulavilag.hu\/#organization","name":"Kit\u00e1rul a Vil\u00e1g Fejleszt\u0151 K\u00f6zpont","url":"https:\/\/kitarulavilag.hu\/","logo":{"@type":"ImageObject","inLanguage":"de-DE","@id":"https:\/\/kitarulavilag.hu\/#\/schema\/logo\/image\/","url":"http:\/\/kitarulavilag.hu\/wp-content\/uploads\/2021\/06\/cropped-Kitarul_a_vilag_logo-1.png","contentUrl":"http:\/\/kitarulavilag.hu\/wp-content\/uploads\/2021\/06\/cropped-Kitarul_a_vilag_logo-1.png","width":512,"height":512,"caption":"Kit\u00e1rul a Vil\u00e1g Fejleszt\u0151 K\u00f6zpont"},"image":{"@id":"https:\/\/kitarulavilag.hu\/#\/schema\/logo\/image\/"},"sameAs":["https:\/\/www.facebook.com\/kitarulavilag"]}]}},"jetpack_sharing_enabled":true,"_links":{"self":[{"href":"https:\/\/kitarulavilag.hu\/de\/wp-json\/wp\/v2\/pages\/127","targetHints":{"allow":["GET"]}}],"collection":[{"href":"https:\/\/kitarulavilag.hu\/de\/wp-json\/wp\/v2\/pages"}],"about":[{"href":"https:\/\/kitarulavilag.hu\/de\/wp-json\/wp\/v2\/types\/page"}],"author":[{"embeddable":true,"href":"https:\/\/kitarulavilag.hu\/de\/wp-json\/wp\/v2\/users\/2"}],"replies":[{"embeddable":true,"href":"https:\/\/kitarulavilag.hu\/de\/wp-json\/wp\/v2\/comments?post=127"}],"version-history":[{"count":4,"href":"https:\/\/kitarulavilag.hu\/de\/wp-json\/wp\/v2\/pages\/127\/revisions"}],"predecessor-version":[{"id":478,"href":"https:\/\/kitarulavilag.hu\/de\/wp-json\/wp\/v2\/pages\/127\/revisions\/478"}],"wp:featuredmedia":[{"embeddable":true,"href":"https:\/\/kitarulavilag.hu\/de\/wp-json\/wp\/v2\/media\/413"}],"wp:attachment":[{"href":"https:\/\/kitarulavilag.hu\/de\/wp-json\/wp\/v2\/media?parent=127"}],"curies":[{"name":"wp","href":"https:\/\/api.w.org\/{rel}","templated":true}]}}